{"id":9859,"date":"2025-09-28T14:53:49","date_gmt":"2025-09-28T06:53:49","guid":{"rendered":"https:\/\/www.warmconfort.cc\/product\/12v2kw-diesel-air-parking-heaters-for-trucks-cars-bus-suv-caravan-tent-boat-motor-similar-to-webasto\/"},"modified":"2025-10-23T18:08:19","modified_gmt":"2025-10-23T10:08:19","slug":"12v2kw-diesel-air-parking-heaters-for-trucks-cars-bus-suv-caravan-tent-boat-motor-similar-to-webasto","status":"publish","type":"product","link":"https:\/\/www.warmconfort.cc\/es\/product\/12v2kw-diesel-air-parking-heaters-for-trucks-cars-bus-suv-caravan-tent-boat-motor-similar-to-webasto\/","title":{"rendered":"Calefactores de estacionamiento di\u00e9sel de 12V 2KW para camiones, coches, autobuses, SUV, caravanas, tiendas de campa\u00f1a, barcos y motores (similares a Webasto)."},"content":{"rendered":"<p><img decoding=\"async\" src=\"https:\/\/sc04.alicdn.com\/kf\/H315af6c4d63348a58daf0f3ff5689acfO\/243889834\/H315af6c4d63348a58daf0f3ff5689acfO.jpg\" data-src=\"\/\/sc04.alicdn.com\/kf\/H315af6c4d63348a58daf0f3ff5689acfO\/243889834\/H315af6c4d63348a58daf0f3ff5689acfO.jpg\" data-alt=\"12V2KW Diesel Air Parking Heaters for Trucks Cars Bus SUV caravan Tent Boat Motor Similar to Webasto\" \/><img decoding=\"async\" src=\"https:\/\/sc04.alicdn.com\/kf\/Hd549b78ca0c0461bb5fc3c0eb0609943U\/243889834\/Hd549b78ca0c0461bb5fc3c0eb0609943U.jpg\" data-src=\"\/\/sc04.alicdn.com\/kf\/Hd549b78ca0c0461bb5fc3c0eb0609943U\/243889834\/Hd549b78ca0c0461bb5fc3c0eb0609943U.jpg\" data-alt=\"12V2KW Diesel Air Parking Heaters for Trucks Cars Bus SUV caravan Tent Boat Motor Similar to Webasto\" \/><img decoding=\"async\" src=\"https:\/\/sc04.alicdn.com\/kf\/Hd87164975dce49cbbf2066e1c837ed73z\/243889834\/Hd87164975dce49cbbf2066e1c837ed73z.jpg\" data-src=\"\/\/sc04.alicdn.com\/kf\/Hd87164975dce49cbbf2066e1c837ed73z\/243889834\/Hd87164975dce49cbbf2066e1c837ed73z.jpg\" data-alt=\"12V2KW Diesel Air Parking Heaters for Trucks Cars Bus SUV caravan Tent Boat Motor Similar to Webasto\" \/><\/p>\n<div id=\"ali-anchor-AliPostDhMb-44azx\" class=\"mceSectionContainer\" style=\"padding-top: 8px;\" data-section=\"AliPostDhMb-44azx\" data-section-title=\"FAQ\">\n<div id=\"ali-title-AliPostDhMb-44azx\" style=\"padding: 8px 0; border-bottom: 1px solid #ddd;\"><span style=\"background-color: #ddd; color: #333; font-weight: bold; padding: 8px 10px; line-height: 12px;\">Preguntas frecuentes<\/span><\/div>\n<div style=\"padding: 10px 0;\">\n<p>\u00a0<span style=\"color: #09090b; font-family: Helvetica,Tahoma,Arial,serif; font-size: 14px; font-style: normal; font-weight: 400; background-color: #ffffff; display: inline !important; float: none;\">1. \u00bfQui\u00e9nes somos?<\/span><br \/>\n<span style=\"color: #09090b; font-family: Helvetica,Tahoma,Arial,serif; font-size: 14px; font-style: normal; font-weight: 400; background-color: #ffffff; display: inline !important; float: none;\">Tenemos nuestra sede en Guangdong, China, y desde 2019 vendemos a Europa del Norte (35.001 TP3T), Europa del Este (20.001 TP3T) y Europa Oriental.<\/span><br \/>\n<span style=\"color: #09090b; font-family: Helvetica,Tahoma,Arial,serif; font-size: 14px; font-style: normal; font-weight: 400; background-color: #ffffff; display: inline !important; float: none;\">Asia (10.001 TP3T), Europa Occidental (10.001 TP3T), Europa Meridional (8.001 TP3T), Oriente Medio (2.001 TP3T), Sudeste Asi\u00e1tico (1.001 TP3T). En nuestra oficina trabajan entre 51 y 100 personas.<\/span><\/p>\n<p><span style=\"color: #09090b; font-family: Helvetica,Tahoma,Arial,serif; font-size: 14px; font-style: normal; font-weight: 400; background-color: #ffffff; display: inline !important; float: none;\">2. \u00bfC\u00f3mo podemos garantizar la calidad?<\/span><br \/>\n<span style=\"color: #09090b; font-family: Helvetica,Tahoma,Arial,serif; font-size: 14px; font-style: normal; font-weight: 400; background-color: #ffffff; display: inline !important; float: none;\">Siempre se realiza una muestra de preproducci\u00f3n antes de la producci\u00f3n en masa;<\/span><br \/>\n<span style=\"color: #09090b; font-family: Helvetica,Tahoma,Arial,serif; font-size: 14px; font-style: normal; font-weight: 400; background-color: #ffffff; display: inline !important; float: none;\">Siempre se realiza una inspecci\u00f3n final antes del env\u00edo;<\/span><\/p>\n<p><span style=\"color: #09090b; font-family: Helvetica,Tahoma,Arial,serif; font-size: 14px; font-style: normal; font-weight: 400; background-color: #ffffff; display: inline !important; float: none;\">3. \u00bfQu\u00e9 puedes comprar con nosotros?<\/span><br \/>\n<span style=\"color: #09090b; font-family: Helvetica,Tahoma,Arial,serif; font-size: 14px; font-style: normal; font-weight: 400; background-color: #ffffff; display: inline !important; float: none;\">Calentador de estacionamiento, calentador de agua, aire acondicionado para autom\u00f3vil, convertidor CC-CC, controlador de motor CC<\/span><\/p>\n<p><span style=\"color: #09090b; font-family: Helvetica,Tahoma,Arial,serif; font-size: 14px; font-style: normal; font-weight: 400; background-color: #ffffff; display: inline !important; float: none;\">4. \u00bfPor qu\u00e9 deber\u00eda comprarnos a nosotros y no a otros proveedores?<\/span><br \/>\n<span style=\"color: #09090b; font-family: Helvetica,Tahoma,Arial,serif; font-size: 14px; font-style: normal; font-weight: 400; background-color: #ffffff; display: inline !important; float: none;\">Zhongshan Yuanxi Electronic Technology Co., Ltd. es un socio de suministros automotrices de alta calidad que se dedica a la investigaci\u00f3n y el desarrollo, la producci\u00f3n y las ventas. Llevamos casi 10 a\u00f1os comprometidos con este sector y nos centramos en la calidad y el servicio.<\/span><\/p>\n<p><span style=\"color: #09090b; font-family: Helvetica,Tahoma,Arial,serif; font-size: 14px; font-style: normal; font-weight: 400; background-color: #ffffff; display: inline !important; float: none;\">5. \u00bfQu\u00e9 servicios podemos ofrecer?<\/span><br \/>\n<span style=\"color: #09090b; font-family: Helvetica,Tahoma,Arial,serif; font-size: 14px; font-style: normal; font-weight: 400; background-color: #ffffff; display: inline !important; float: none;\">Condiciones de entrega aceptadas: FOB, CIF, EXW, DDP, DAF;<\/span><br \/>\n<span style=\"color: #09090b; font-family: Helvetica,Tahoma,Arial,serif; font-size: 14px; font-style: normal; font-weight: 400; background-color: #ffffff; display: inline !important; float: none;\">Moneda de pago aceptada: USD;<\/span><br \/>\n<span style=\"color: #09090b; font-family: Helvetica,Tahoma,Arial,serif; font-size: 14px; font-style: normal; font-weight: 400; background-color: #ffffff; display: inline !important; float: none;\">Formas de pago aceptadas: Transferencia bancaria, tarjeta de cr\u00e9dito, Western Union;<\/span><br \/>\n<span style=\"color: #09090b; font-family: Helvetica,Tahoma,Arial,serif; font-size: 14px; font-style: normal; font-weight: 400; background-color: #ffffff; display: inline !important; float: none;\">Idiomas hablados: ingl\u00e9s, chino<\/span><\/p>\n<\/div>\n<\/div>","protected":false},"excerpt":{"rendered":"<p>FAQ \u00a01. who are we? We are based in Guangdong, China, start from 2019,sell to Northern Europe(35.00%),Eastern Europe(20.00%),Eastern Asia(10.00%),Western Europe(10.00%),Southern<\/p>","protected":false},"featured_media":9860,"template":"","meta":{"_eb_attr":"","_uag_custom_page_level_css":""},"product_brand":[],"product_cat":[28],"product_tag":[],"class_list":{"0":"post-9859","1":"product","2":"type-product","3":"status-publish","4":"has-post-thumbnail","6":"product_cat-unclassified","8":"first","9":"instock","10":"shipping-taxable","11":"purchasable","12":"product-type-simple"},"uagb_featured_image_src":{"full":["https:\/\/www.warmconfort.cc\/wp-content\/uploads\/2025\/09\/Hf06e7b6ca02943dcab610e92ee24eadc5.webp",402,402,false],"thumbnail":["https:\/\/www.warmconfort.cc\/wp-content\/uploads\/2025\/09\/Hf06e7b6ca02943dcab610e92ee24eadc5-150x150.webp",150,150,true],"medium":["https:\/\/www.warmconfort.cc\/wp-content\/uploads\/2025\/09\/Hf06e7b6ca02943dcab610e92ee24eadc5-300x300.webp",300,300,true],"medium_large":["https:\/\/www.warmconfort.cc\/wp-content\/uploads\/2025\/09\/Hf06e7b6ca02943dcab610e92ee24eadc5.webp",402,402,false],"large":["https:\/\/www.warmconfort.cc\/wp-content\/uploads\/2025\/09\/Hf06e7b6ca02943dcab610e92ee24eadc5.webp",402,402,false],"1536x1536":["https:\/\/www.warmconfort.cc\/wp-content\/uploads\/2025\/09\/Hf06e7b6ca02943dcab610e92ee24eadc5.webp",402,402,false],"2048x2048":["https:\/\/www.warmconfort.cc\/wp-content\/uploads\/2025\/09\/Hf06e7b6ca02943dcab610e92ee24eadc5.webp",402,402,false],"trp-custom-language-flag":["https:\/\/www.warmconfort.cc\/wp-content\/uploads\/2025\/09\/Hf06e7b6ca02943dcab610e92ee24eadc5.webp",12,12,false],"visody_icon":["https:\/\/www.warmconfort.cc\/wp-content\/uploads\/2025\/09\/Hf06e7b6ca02943dcab610e92ee24eadc5.webp",32,32,false],"woocommerce_thumbnail":["https:\/\/www.warmconfort.cc\/wp-content\/uploads\/2025\/09\/Hf06e7b6ca02943dcab610e92ee24eadc5-300x300.webp",300,300,true],"woocommerce_single":["https:\/\/www.warmconfort.cc\/wp-content\/uploads\/2025\/09\/Hf06e7b6ca02943dcab610e92ee24eadc5.webp",402,402,false],"woocommerce_gallery_thumbnail":["https:\/\/www.warmconfort.cc\/wp-content\/uploads\/2025\/09\/Hf06e7b6ca02943dcab610e92ee24eadc5-400x400.webp",400,400,true]},"uagb_author_info":{"display_name":"warmconfort","author_link":"https:\/\/www.warmconfort.cc\/es\/author\/"},"uagb_comment_info":0,"uagb_excerpt":"FAQ \u00a01. who are we? We are based in Guangdong, China, start from 2019,sell to Northern Europe(35.00%),Eastern Europe(20.00%),Eastern Asia(10.00%),Western Europe(10.00%),Southern","_links":{"self":[{"href":"https:\/\/www.warmconfort.cc\/es\/wp-json\/wp\/v2\/product\/9859","targetHints":{"allow":["GET"]}}],"collection":[{"href":"https:\/\/www.warmconfort.cc\/es\/wp-json\/wp\/v2\/product"}],"about":[{"href":"https:\/\/www.warmconfort.cc\/es\/wp-json\/wp\/v2\/types\/product"}],"version-history":[{"count":2,"href":"https:\/\/www.warmconfort.cc\/es\/wp-json\/wp\/v2\/product\/9859\/revisions"}],"predecessor-version":[{"id":11093,"href":"https:\/\/www.warmconfort.cc\/es\/wp-json\/wp\/v2\/product\/9859\/revisions\/11093"}],"wp:featuredmedia":[{"embeddable":true,"href":"https:\/\/www.warmconfort.cc\/es\/wp-json\/wp\/v2\/media\/9860"}],"wp:attachment":[{"href":"https:\/\/www.warmconfort.cc\/es\/wp-json\/wp\/v2\/media?parent=9859"}],"wp:term":[{"taxonomy":"product_brand","embeddable":true,"href":"https:\/\/www.warmconfort.cc\/es\/wp-json\/wp\/v2\/product_brand?post=9859"},{"taxonomy":"product_cat","embeddable":true,"href":"https:\/\/www.warmconfort.cc\/es\/wp-json\/wp\/v2\/product_cat?post=9859"},{"taxonomy":"product_tag","embeddable":true,"href":"https:\/\/www.warmconfort.cc\/es\/wp-json\/wp\/v2\/product_tag?post=9859"}],"curies":[{"name":"wp","href":"https:\/\/api.w.org\/{rel}","templated":true}]}}