{"id":9839,"date":"2025-09-28T14:52:52","date_gmt":"2025-09-28T06:52:52","guid":{"rendered":"https:\/\/www.warmconfort.cc\/product\/12v-2kw-integrated-outdoor-diesel-tent-heater-air-conditioning-systems-product-type\/"},"modified":"2025-10-23T18:09:46","modified_gmt":"2025-10-23T10:09:46","slug":"12v-2kw-integrated-outdoor-diesel-tent-heater-air-conditioning-systems-product-type","status":"publish","type":"product","link":"https:\/\/www.warmconfort.cc\/es\/product\/12v-2kw-integrated-outdoor-diesel-tent-heater-air-conditioning-systems-product-type\/","title":{"rendered":"Sistemas de aire acondicionado con calentador di\u00e9sel para carpas de exterior integrado de 12 V y 2 kW Tipo de producto"},"content":{"rendered":"<div id=\"detail_decorate_root\" data-magic-global=\"%7B%22bizId%22%3A2208662566372%2C%22pageId%22%3A21551333409%2C%22siteId%22%3A5006890056%7D\">\n<style>#detail_decorate_root .magic-0{width:750px}#detail_decorate_root .magic-1{overflow:hidden;width:750px;height:421.822272215973px;margin-top:0;margin-bottom:0;margin-left:0;margin-right:0}#detail_decorate_root .magic-2{margin-top:0;margin-left:0;width:750px;height:421.822272215973px}#detail_decorate_root .magic-3{width:750px;border-collapse:collapse}#detail_decorate_root .magic-4{min-height:28px;padding:5px 10px;width:726px;min-height:28px;box-sizing:content-box}#detail_decorate_root .magic-5{text-align:center}#detail_decorate_root .magic-6{display:none}#detail_decorate_root .magic-7{min-height:28px;padding:5px 10px;width:116px;min-height:28px;box-sizing:content-box}#detail_decorate_root .magic-8{min-height:28px;padding:5px 10px;width:152px;min-height:28px;box-sizing:content-box}#detail_decorate_root .magic-9{min-height:28px;padding:5px 10px;width:161px;min-height:28px;box-sizing:content-box}#detail_decorate_root .magic-10{min-height:28px;padding:5px 10px;width:137px;min-height:28px;box-sizing:content-box}#detail_decorate_root .magic-11{min-height:28px;padding:5px 10px;width:78px;min-height:28px;box-sizing:content-box}#detail_decorate_root .magic-12{min-height:28px;padding:5px 10px;width:136px;min-height:28px;box-sizing:content-box}#detail_decorate_root .magic-13{margin-bottom:10px;line-height:0}#detail_decorate_root .magic-14{width:750px;height:1372.5px;overflow:hidden;margin-bottom:0}#detail_decorate_root .magic-15{position:relative;left:0;top:0;width:750px;height:1372.5px}#detail_decorate_root .magic-16{width:750px;height:2005.5px;overflow:hidden;margin-bottom:0}#detail_decorate_root .magic-17{position:relative;left:0;top:0;width:750px;height:2005.5px}#detail_decorate_root .magic-18{vertical-align:top}#detail_decorate_root .magic-19{padding:0;margin:0;color:#333;font-size:14px;padding-left:4px;font-weight:bold;white-space:pre-wrap}#detail_decorate_root .magic-20{font-size:26px}#detail_decorate_root .magic-21{vertical-align:top;display:block;padding-right:4px;box-sizing:border-box;padding-left:4px}#detail_decorate_root .magic-22{vertical-align:top;padding-bottom:4px;box-sizing:border-box;padding-top:4px}#detail_decorate_root .magic-23{padding:0;margin:0;white-space:pre-wrap;font-size:14px}<\/style>\n<div class=\"J_module\">\n<div class=\"icbu-pc-images magic-0\">\n<div>\n<div class=\"flex-layout-v\">\n<div class=\"flex-layout-h magic-0\">\n<div class=\"magic-1\"><img decoding=\"async\" class=\"magic-2\" src=\"https:\/\/sc04.alicdn.com\/kf\/H48024ce5688b422eb1603afd5a40c753x\/243889834\/H48024ce5688b422eb1603afd5a40c753x.png\" data-src=\"\/\/sc04.alicdn.com\/kf\/H48024ce5688b422eb1603afd5a40c753x\/243889834\/H48024ce5688b422eb1603afd5a40c753x.png\" \/><\/div>\n<\/div>\n<\/div>\n<\/div>\n<\/div>\n<\/div>\n<div class=\"J_module\">\n<div class=\"icbu-pc-images magic-0\">\n<div>\n<div class=\"flex-layout-v\">\n<div class=\"flex-layout-h magic-0\">\n<div class=\"magic-1\"><img decoding=\"async\" class=\"magic-2\" src=\"https:\/\/sc04.alicdn.com\/kf\/H992af5cb0b6f439e90718e51de32ba84b\/243889834\/H992af5cb0b6f439e90718e51de32ba84b.png\" data-src=\"\/\/sc04.alicdn.com\/kf\/H992af5cb0b6f439e90718e51de32ba84b\/243889834\/H992af5cb0b6f439e90718e51de32ba84b.png\" \/><\/div>\n<\/div>\n<\/div>\n<\/div>\n<\/div>\n<\/div>\n<div class=\"J_module\">\n<div class=\"icbu-pc-images magic-0\">\n<div>\n<div class=\"flex-layout-v\">\n<div class=\"flex-layout-h magic-0\">\n<div class=\"magic-1\"><img decoding=\"async\" class=\"magic-2\" src=\"https:\/\/sc04.alicdn.com\/kf\/He9b8d567b1e64b9c817d8eba83afeec5q\/243889834\/He9b8d567b1e64b9c817d8eba83afeec5q.png\" data-src=\"\/\/sc04.alicdn.com\/kf\/He9b8d567b1e64b9c817d8eba83afeec5q\/243889834\/He9b8d567b1e64b9c817d8eba83afeec5q.png\" \/><\/div>\n<\/div>\n<\/div>\n<\/div>\n<\/div>\n<\/div>\n<div class=\"J_module\">\n<div class=\"ife-detail-decorate-table\">\n<table class=\"has-title hight-light-first-column all magic-3\">\n<tbody>\n<tr>\n<td colspan=\"5\" rowspan=\"1\">\n<div class=\"magic-4\">\n<div class=\"magic-5\" data-spm-anchor-id=\"0.0.0.i53.54eb4f05pAhTB2\"><b data-spm-anchor-id=\"a2700.pc-decorate.0.i16.4ac93333OFDjFX\">LISTA DE PRUEBAS Calentadores de estacionamiento de 12V\/24V 2 KW 5KW<\/b><\/div>\n<\/div>\n<\/td>\n<td class=\"magic-6\" rowspan=\"0\">\n<div class=\"magic-7\">LISTA DE PRUEBAS Calentadores de estacionamiento de 12V\/24V 5KW<\/div>\n<\/td>\n<td class=\"magic-6\" rowspan=\"0\">\n<div class=\"magic-8\"><\/div>\n<\/td>\n<td class=\"magic-6\" rowspan=\"0\">\n<div class=\"magic-9\"><\/div>\n<\/td>\n<td class=\"magic-6\" rowspan=\"0\">\n<div class=\"magic-10\"><\/div>\n<\/td>\n<\/tr>\n<tr>\n<td colspan=\"1\" rowspan=\"1\">\n<div class=\"magic-11\">\n<div class=\"magic-5\" data-spm-anchor-id=\"0.0.0.i60.54eb4f05pAhTB2\"><b data-spm-anchor-id=\"0.0.0.i72.54eb4f05pAhTB2\">POSICI\u00d3N DE LA PIEZA DE MARCHA<\/b><\/div>\n<\/div>\n<\/td>\n<td colspan=\"1\" rowspan=\"1\">\n<div class=\"magic-7\">\n<div class=\"magic-5\"><b data-spm-anchor-id=\"a2700.pc-decorate.0.i31.57003333y6tBjT\">CAUDAL DE AIRE (m\u00b3\/h)<\/b><\/div>\n<\/div>\n<\/td>\n<td colspan=\"1\" rowspan=\"1\">\n<div class=\"magic-8\">\n<div class=\"magic-5\"><b>TEMPERATURA DE FLUJO REAL (\u00b0C)<\/b><\/div>\n<\/div>\n<\/td>\n<td colspan=\"1\" rowspan=\"1\">\n<div class=\"magic-9\">\n<div class=\"magic-5\"><b>TEMPERATURA DE ESCAPE (\u00b0C)<\/b><\/div>\n<\/div>\n<\/td>\n<td colspan=\"1\" rowspan=\"1\">\n<div class=\"magic-12\">\n<div class=\"magic-5\"><b>CONSUMO DE COMBUSTIBLE (L\/H)<\/b><\/div>\n<\/div>\n<\/td>\n<\/tr>\n<tr>\n<td colspan=\"1\" rowspan=\"1\">\n<div class=\"magic-11\">\n<div class=\"magic-5\" data-spm-anchor-id=\"0.0.0.i61.54eb4f05pAhTB2\">1<\/div>\n<\/div>\n<\/td>\n<td colspan=\"1\" rowspan=\"1\">\n<div class=\"magic-7\">\n<div class=\"magic-5\" data-spm-anchor-id=\"0.0.0.i57.54eb4f05pAhTB2\">85 m\u00b3\/h<\/div>\n<\/div>\n<\/td>\n<td colspan=\"1\" rowspan=\"1\">\n<div class=\"magic-8\">\n<div class=\"magic-5\">52\u2103<\/div>\n<\/div>\n<\/td>\n<td colspan=\"1\" rowspan=\"1\">\n<div class=\"magic-9\">\n<div class=\"magic-5\">216\u2103<\/div>\n<\/div>\n<\/td>\n<td colspan=\"1\" rowspan=\"1\">\n<div class=\"magic-12\">\n<div class=\"magic-5\">0,17 l\/h<\/div>\n<\/div>\n<\/td>\n<\/tr>\n<tr>\n<td colspan=\"1\" rowspan=\"1\">\n<div class=\"magic-11\">\n<div class=\"magic-5\" data-spm-anchor-id=\"0.0.0.i65.54eb4f05pAhTB2\">2<\/div>\n<\/div>\n<\/td>\n<td colspan=\"1\" rowspan=\"1\">\n<div class=\"magic-7\">\n<div class=\"magic-5\" data-spm-anchor-id=\"0.0.0.i59.54eb4f05pAhTB2\">88 m\u00b3\/h<\/div>\n<\/div>\n<\/td>\n<td colspan=\"1\" rowspan=\"1\">\n<div class=\"magic-8\">\n<div class=\"magic-5\">62\u2103<\/div>\n<\/div>\n<\/td>\n<td colspan=\"1\" rowspan=\"1\">\n<div class=\"magic-9\">\n<div class=\"magic-5\" data-spm-anchor-id=\"0.0.0.i66.54eb4f05pAhTB2\">232\u2103<\/div>\n<\/div>\n<\/td>\n<td colspan=\"1\" rowspan=\"1\">\n<div class=\"magic-12\">\n<div class=\"magic-5\">0,24 l\/h<\/div>\n<\/div>\n<\/td>\n<\/tr>\n<tr>\n<td colspan=\"1\" rowspan=\"1\">\n<div class=\"magic-11\">\n<div class=\"magic-5\">3<\/div>\n<\/div>\n<\/td>\n<td colspan=\"1\" rowspan=\"1\">\n<div class=\"magic-7\">\n<div class=\"magic-5\">93 m\u00b3\/h<\/div>\n<\/div>\n<\/td>\n<td colspan=\"1\" rowspan=\"1\">\n<div class=\"magic-8\">\n<div class=\"magic-5\" data-spm-anchor-id=\"0.0.0.i63.54eb4f05pAhTB2\">73\u2103<\/div>\n<\/div>\n<\/td>\n<td colspan=\"1\" rowspan=\"1\">\n<div class=\"magic-9\">\n<div class=\"magic-5\" data-spm-anchor-id=\"0.0.0.i58.54eb4f05pAhTB2\">263\u2103<\/div>\n<\/div>\n<\/td>\n<td colspan=\"1\" rowspan=\"1\">\n<div class=\"magic-12\">\n<div class=\"magic-5\">0,28 l\/h<\/div>\n<\/div>\n<\/td>\n<\/tr>\n<tr>\n<td colspan=\"1\" rowspan=\"1\">\n<div class=\"magic-11\">\n<div class=\"magic-5\" data-spm-anchor-id=\"a2700.pc-decorate.0.i32.57003333y6tBjT\">4<\/div>\n<\/div>\n<\/td>\n<td colspan=\"1\" rowspan=\"1\">\n<div class=\"magic-7\">\n<div class=\"magic-5\" data-spm-anchor-id=\"0.0.0.i68.54eb4f05pAhTB2\">99 m\u00b3\/h<\/div>\n<\/div>\n<\/td>\n<td colspan=\"1\" rowspan=\"1\">\n<div class=\"magic-8\">\n<div class=\"magic-5\">89\u2103<\/div>\n<\/div>\n<\/td>\n<td colspan=\"1\" rowspan=\"1\">\n<div class=\"magic-9\">\n<div class=\"magic-5\">279\u2103<\/div>\n<\/div>\n<\/td>\n<td colspan=\"1\" rowspan=\"1\">\n<div class=\"magic-12\">\n<div class=\"magic-5\">0,31 l\/h<\/div>\n<\/div>\n<\/td>\n<\/tr>\n<tr>\n<td colspan=\"1\" rowspan=\"1\">\n<div class=\"magic-11\">\n<div class=\"magic-5\">5<\/div>\n<\/div>\n<\/td>\n<td colspan=\"1\" rowspan=\"1\">\n<div class=\"magic-7\">\n<div class=\"magic-5\" data-spm-anchor-id=\"0.0.0.i62.54eb4f05pAhTB2\">105 m\u00b3\/h<\/div>\n<\/div>\n<\/td>\n<td colspan=\"1\" rowspan=\"1\">\n<div class=\"magic-8\">\n<div class=\"magic-5\">110\u2103<\/div>\n<\/div>\n<\/td>\n<td colspan=\"1\" rowspan=\"1\">\n<div class=\"magic-9\">\n<div class=\"magic-5\">300\u2103<\/div>\n<\/div>\n<\/td>\n<td colspan=\"1\" rowspan=\"1\">\n<div class=\"magic-12\">\n<div class=\"magic-5\">0,37 l\/h<\/div>\n<\/div>\n<\/td>\n<\/tr>\n<\/tbody>\n<\/table>\n<\/div>\n<\/div>\n<div class=\"J_module\">\n<div class=\"icbu-pc-detailManyImage magic-13\">\n<div class=\"magic-14\"><img decoding=\"async\" class=\"magic-15\" src=\"https:\/\/sc04.alicdn.com\/kf\/H7ab7cc3946f84010a89409983b385ad8G\/243889834\/H7ab7cc3946f84010a89409983b385ad8G.png\" data-src=\"\/\/sc04.alicdn.com\/kf\/H7ab7cc3946f84010a89409983b385ad8G\/243889834\/H7ab7cc3946f84010a89409983b385ad8G.png\" \/><\/div>\n<div class=\"magic-16\"><img decoding=\"async\" class=\"magic-17\" src=\"https:\/\/sc04.alicdn.com\/kf\/H3bcbf3450f2c41d1a3d9d865b7674ee3P\/243889834\/H3bcbf3450f2c41d1a3d9d865b7674ee3P.png\" data-src=\"\/\/sc04.alicdn.com\/kf\/H3bcbf3450f2c41d1a3d9d865b7674ee3P\/243889834\/H3bcbf3450f2c41d1a3d9d865b7674ee3P.png\" \/><\/div>\n<\/div>\n<\/div>\n<div class=\"J_module\">\n<div class=\"detail-decorate-json-renderer-container\">\n<div class=\"magic-18\">\n<h3 class=\"magic-19\"><span class=\"magic-20\">Preguntas frecuentes<\/span><\/h3>\n<div class=\"magic-21\">\n<div class=\"magic-22\">\n<div class=\"magic-23\">1. \u00bfQui\u00e9nes somos?<br \/>\nTenemos nuestra sede en Guangdong, China, y desde 2019 vendemos a Europa del Norte (35.001 TP3T), Europa del Este (20.001 TP3T) y Europa Oriental.<br \/>\nAsia (10.00%), Europa Occidental (10.00%), Europa Meridional (8.00%), Oriente Medio (2.00%), Sudeste Asi\u00e1tico (1.00%). En nuestra oficina trabajamos entre 51 y 100 personas. 2. \u00bfC\u00f3mo garantizamos la calidad?<br \/>\nSiempre se realiza una muestra de preproducci\u00f3n antes de la producci\u00f3n en masa;<br \/>\nSiempre se realiza una inspecci\u00f3n final antes del env\u00edo;<\/p>\n<p>3. \u00bfQu\u00e9 puedes comprar con nosotros?<br \/>\nCalentador de estacionamiento, calentador de agua, aire acondicionado para autom\u00f3vil, convertidor CC-CC, controlador de motor CC<\/p>\n<p>4. \u00bfPor qu\u00e9 deber\u00eda comprarnos a nosotros y no a otros proveedores?<br \/>\nZhongshan Yuanxi Electronic Technology Co., Ltd. es un socio de suministros automotrices de alta calidad que se dedica a la investigaci\u00f3n y el desarrollo, la producci\u00f3n y las ventas. Llevamos casi 10 a\u00f1os comprometidos con este sector y nos centramos en la calidad y el servicio.<\/p>\n<p>5. \u00bfQu\u00e9 servicios podemos ofrecer?<br \/>\nCondiciones de entrega aceptadas: FOB, CIF, EXW, DDP, DAF;<br \/>\nMoneda de pago aceptada: USD;<br \/>\nFormas de pago aceptadas: Transferencia bancaria, tarjeta de cr\u00e9dito, Western Union;<br \/>\nIdiomas hablados: ingl\u00e9s, chino<\/p>\n<\/div>\n<\/div>\n<\/div>\n<\/div>\n<\/div>\n<\/div>\n<\/div>","protected":false},"excerpt":{"rendered":"<p>TEST LIST 12V\/24V 2 KW 5KW Parking Heaters TEST LIST 12V\/24V 5KW Parking Heaters GEAR POSITION AIR FLOW\uff08m\u00b3\/h\uff09 FLOW TEMPERATRUE\uff08\u2103\uff09<\/p>","protected":false},"featured_media":9840,"template":"","meta":{"_eb_attr":"","_uag_custom_page_level_css":""},"product_brand":[],"product_cat":[28],"product_tag":[],"class_list":{"0":"post-9839","1":"product","2":"type-product","3":"status-publish","4":"has-post-thumbnail","6":"product_cat-unclassified","8":"first","9":"instock","10":"shipping-taxable","11":"purchasable","12":"product-type-simple"},"uagb_featured_image_src":{"full":["https:\/\/www.warmconfort.cc\/wp-content\/uploads\/2025\/09\/H029ee83bc7c54258a5615d06e9fe5a0dH-scaled.webp",2560,2560,false],"thumbnail":["https:\/\/www.warmconfort.cc\/wp-content\/uploads\/2025\/09\/H029ee83bc7c54258a5615d06e9fe5a0dH-150x150.webp",150,150,true],"medium":["https:\/\/www.warmconfort.cc\/wp-content\/uploads\/2025\/09\/H029ee83bc7c54258a5615d06e9fe5a0dH-300x300.webp",300,300,true],"medium_large":["https:\/\/www.warmconfort.cc\/wp-content\/uploads\/2025\/09\/H029ee83bc7c54258a5615d06e9fe5a0dH-768x768.webp",768,768,true],"large":["https:\/\/www.warmconfort.cc\/wp-content\/uploads\/2025\/09\/H029ee83bc7c54258a5615d06e9fe5a0dH-1024x1024.webp",1024,1024,true],"1536x1536":["https:\/\/www.warmconfort.cc\/wp-content\/uploads\/2025\/09\/H029ee83bc7c54258a5615d06e9fe5a0dH-1536x1536.webp",1536,1536,true],"2048x2048":["https:\/\/www.warmconfort.cc\/wp-content\/uploads\/2025\/09\/H029ee83bc7c54258a5615d06e9fe5a0dH-2048x2048.webp",2048,2048,true],"trp-custom-language-flag":["https:\/\/www.warmconfort.cc\/wp-content\/uploads\/2025\/09\/H029ee83bc7c54258a5615d06e9fe5a0dH-scaled.webp",12,12,false],"visody_icon":["https:\/\/www.warmconfort.cc\/wp-content\/uploads\/2025\/09\/H029ee83bc7c54258a5615d06e9fe5a0dH-scaled.webp",32,32,false],"woocommerce_thumbnail":["https:\/\/www.warmconfort.cc\/wp-content\/uploads\/2025\/09\/H029ee83bc7c54258a5615d06e9fe5a0dH-scaled-300x300.webp",300,300,true],"woocommerce_single":["https:\/\/www.warmconfort.cc\/wp-content\/uploads\/2025\/09\/H029ee83bc7c54258a5615d06e9fe5a0dH-scaled-600x600.webp",600,600,true],"woocommerce_gallery_thumbnail":["https:\/\/www.warmconfort.cc\/wp-content\/uploads\/2025\/09\/H029ee83bc7c54258a5615d06e9fe5a0dH-scaled-400x400.webp",400,400,true]},"uagb_author_info":{"display_name":"warmconfort","author_link":"https:\/\/www.warmconfort.cc\/es\/author\/"},"uagb_comment_info":0,"uagb_excerpt":"TEST LIST 12V\/24V 2 KW 5KW Parking Heaters TEST LIST 12V\/24V 5KW Parking Heaters GEAR POSITION AIR FLOW\uff08m\u00b3\/h\uff09 FLOW TEMPERATRUE\uff08\u2103\uff09","_links":{"self":[{"href":"https:\/\/www.warmconfort.cc\/es\/wp-json\/wp\/v2\/product\/9839","targetHints":{"allow":["GET"]}}],"collection":[{"href":"https:\/\/www.warmconfort.cc\/es\/wp-json\/wp\/v2\/product"}],"about":[{"href":"https:\/\/www.warmconfort.cc\/es\/wp-json\/wp\/v2\/types\/product"}],"version-history":[{"count":3,"href":"https:\/\/www.warmconfort.cc\/es\/wp-json\/wp\/v2\/product\/9839\/revisions"}],"predecessor-version":[{"id":11094,"href":"https:\/\/www.warmconfort.cc\/es\/wp-json\/wp\/v2\/product\/9839\/revisions\/11094"}],"wp:featuredmedia":[{"embeddable":true,"href":"https:\/\/www.warmconfort.cc\/es\/wp-json\/wp\/v2\/media\/9840"}],"wp:attachment":[{"href":"https:\/\/www.warmconfort.cc\/es\/wp-json\/wp\/v2\/media?parent=9839"}],"wp:term":[{"taxonomy":"product_brand","embeddable":true,"href":"https:\/\/www.warmconfort.cc\/es\/wp-json\/wp\/v2\/product_brand?post=9839"},{"taxonomy":"product_cat","embeddable":true,"href":"https:\/\/www.warmconfort.cc\/es\/wp-json\/wp\/v2\/product_cat?post=9839"},{"taxonomy":"product_tag","embeddable":true,"href":"https:\/\/www.warmconfort.cc\/es\/wp-json\/wp\/v2\/product_tag?post=9839"}],"curies":[{"name":"wp","href":"https:\/\/api.w.org\/{rel}","templated":true}]}}