{"id":9578,"date":"2025-09-28T14:45:41","date_gmt":"2025-09-28T06:45:41","guid":{"rendered":"https:\/\/www.warmconfort.cc\/product\/for-warmconfort-12kw-12v-rv-car-boat-engine-heater-diesel-liquid-water-parking-heater-air-conditioning-system\/"},"modified":"2025-09-28T14:45:43","modified_gmt":"2025-09-28T06:45:43","slug":"for-warmconfort-12kw-12v-rv-car-boat-engine-heater-diesel-liquid-water-parking-heater-air-conditioning-system","status":"publish","type":"product","link":"https:\/\/www.warmconfort.cc\/es\/product\/for-warmconfort-12kw-12v-rv-car-boat-engine-heater-diesel-liquid-water-parking-heater-air-conditioning-system\/","title":{"rendered":"Calentador de motor para veh\u00edculos recreativos, coches y barcos Warmconfort de 12 kW y 12 V, di\u00e9sel, agua l\u00edquida, para estacionamiento, sistema de aire acondicionado"},"content":{"rendered":"<div data-magic-global=\"%7B%22bizId%22%3A2208662566372%2C%22pageId%22%3A20019097803%2C%22siteId%22%3A5006890056%7D\" id=\"detail_decorate_root\">\n<style>#detail_decorate_root .magic-0{width:750px}#detail_decorate_root .magic-1{overflow:hidden;width:750px;height:2529.75px;margin-top:0;margin-bottom:0;margin-left:0;margin-right:0}#detail_decorate_root .magic-2{margin-top:0;margin-left:0;width:750px;height:2529.75px}#detail_decorate_root .magic-3{margin-bottom:10px;line-height:0}#detail_decorate_root .magic-4{width:750px;height:1372.5px;overflow:hidden;margin-bottom:0}#detail_decorate_root .magic-5{position:relative;left:0;top:0;width:750px;height:1372.5px}#detail_decorate_root .magic-6{width:750px;height:2005.5px;overflow:hidden;margin-bottom:0}#detail_decorate_root .magic-7{position:relative;left:0;top:0;width:750px;height:2005.5px}#detail_decorate_root .magic-8{vertical-align:top}#detail_decorate_root .magic-9{padding:0;margin:0;color:#333;font-size:14px;padding-left:4px;font-weight:bold;white-space:pre-wrap}#detail_decorate_root .magic-10{font-size:26px}#detail_decorate_root .magic-11{vertical-align:top;display:block;padding-right:4px;box-sizing:border-box;padding-left:4px}#detail_decorate_root .magic-12{vertical-align:top;padding-bottom:4px;box-sizing:border-box;padding-top:4px}#detail_decorate_root .magic-13{padding:0;margin:0;white-space:pre-wrap;font-size:14px}<\/style>\n<div module-id=\"24905107072\" module-title=\"detailSingleImage\" render=\"true\" class=\"J_module\">\n<div class=\"icbu-pc-images magic-0\">\n<div>\n<div class=\"flex-layout-v\">\n<div class=\"flex-layout-h magic-0\">\n<div class=\"magic-1\"><img decoding=\"async\" src=\"https:\/\/sc04.alicdn.com\/kf\/Hcf96026b2e724a4cada0a3db8a7f25f3J\/243889834\/Hcf96026b2e724a4cada0a3db8a7f25f3J.png\" data-src=\"\/\/sc04.alicdn.com\/kf\/Hcf96026b2e724a4cada0a3db8a7f25f3J\/243889834\/Hcf96026b2e724a4cada0a3db8a7f25f3J.png\" class=\"magic-2\"><\/div>\n<\/div>\n<\/div>\n<\/div>\n<\/div>\n<\/div>\n<div module-id=\"24905107076\" module-title=\"detailManyImage\" render=\"true\" class=\"J_module\">\n<div class=\"icbu-pc-detailManyImage magic-3\">\n<div class=\"magic-4\"><img decoding=\"async\" src=\"https:\/\/sc04.alicdn.com\/kf\/H7ab7cc3946f84010a89409983b385ad8G\/243889834\/H7ab7cc3946f84010a89409983b385ad8G.png\" data-src=\"\/\/sc04.alicdn.com\/kf\/H7ab7cc3946f84010a89409983b385ad8G\/243889834\/H7ab7cc3946f84010a89409983b385ad8G.png\" class=\"magic-5\"><\/div>\n<div class=\"magic-6\"><img decoding=\"async\" src=\"https:\/\/sc04.alicdn.com\/kf\/H3bcbf3450f2c41d1a3d9d865b7674ee3P\/243889834\/H3bcbf3450f2c41d1a3d9d865b7674ee3P.png\" data-src=\"\/\/sc04.alicdn.com\/kf\/H3bcbf3450f2c41d1a3d9d865b7674ee3P\/243889834\/H3bcbf3450f2c41d1a3d9d865b7674ee3P.png\" class=\"magic-7\"><\/div>\n<\/div>\n<\/div>\n<div module-id=\"24905107078\" module-title=\"detailTextWithTitle\" render=\"true\" class=\"J_module\">\n<div class=\"detail-decorate-json-renderer-container\">\n<div class=\"magic-8\">\n<h3 class=\"magic-9\"><font class=\"magic-10\">Preguntas frecuentes<\/font><\/h3>\n<div class=\"magic-11\">\n<div class=\"magic-12\">\n<div class=\"magic-13\"><span>1. \u00bfQui\u00e9nes somos?<br \/>Tenemos nuestra sede en Guangdong, China, y desde 2019 vendemos a Europa del Norte (35.001 TP3T), Europa del Este (20.001 TP3T) y Europa Oriental.<br \/>Asia (10.001 TP3T), Europa Occidental (10.001 TP3T), Europa Meridional (8.001 TP3T), Oriente Medio (2.001 TP3T), Sudeste Asi\u00e1tico (1.001 TP3T). En nuestra oficina trabajan entre 51 y 100 personas.<\/p>\n<p>2. \u00bfC\u00f3mo podemos garantizar la calidad?<br \/>Siempre se realiza una muestra de preproducci\u00f3n antes de la producci\u00f3n en masa;<br \/>Siempre se realiza una inspecci\u00f3n final antes del env\u00edo;<\/p>\n<p>3. \u00bfQu\u00e9 puedes comprar con nosotros?<br \/>Calentador de estacionamiento, calentador de agua, aire acondicionado para autom\u00f3vil, convertidor CC-CC, controlador de motor CC<\/p>\n<p>4. \u00bfPor qu\u00e9 deber\u00eda comprarnos a nosotros y no a otros proveedores?<br \/>Zhongshan Yuanxi Electronic Technology Co., Ltd. es un socio de suministros automotrices de alta calidad que se dedica a la investigaci\u00f3n y el desarrollo, la producci\u00f3n y las ventas. Llevamos casi 10 a\u00f1os comprometidos con este sector y nos centramos en la calidad y el servicio.<\/p>\n<p>5. \u00bfQu\u00e9 servicios podemos ofrecer?<br \/>Condiciones de entrega aceptadas: FOB, CIF, EXW, DDP, DAF;<br \/>Moneda de pago aceptada: USD;<br \/>Formas de pago aceptadas: Transferencia bancaria, tarjeta de cr\u00e9dito, Western Union;<br \/>Idiomas hablados: ingl\u00e9s, chino<\/span><\/div>\n<\/div>\n<\/div>\n<\/div>\n<\/div>\n<\/div><\/div>","protected":false},"excerpt":{"rendered":"<p>FAQ 1. who are we?We are based in Guangdong, China, start from 2019,sell to Northern Europe(35.00%),Eastern Europe(20.00%),EasternAsia(10.00%),Western Europe(10.00%),Southern Europe(8.00%),Mid East(2.00%),Southeast<\/p>","protected":false},"featured_media":9579,"template":"","meta":{"_eb_attr":"","_uag_custom_page_level_css":""},"product_brand":[],"product_cat":[23],"product_tag":[],"class_list":{"0":"post-9578","1":"product","2":"type-product","3":"status-publish","4":"has-post-thumbnail","6":"product_cat-diesel-water-heater","8":"first","9":"instock","10":"shipping-taxable","11":"purchasable","12":"product-type-simple"},"uagb_featured_image_src":{"full":["https:\/\/www.warmconfort.cc\/wp-content\/uploads\/2025\/09\/H51ed38c3479a4c8abdad2f93019c86e45-1.webp",800,800,false],"thumbnail":["https:\/\/www.warmconfort.cc\/wp-content\/uploads\/2025\/09\/H51ed38c3479a4c8abdad2f93019c86e45-1-150x150.webp",150,150,true],"medium":["https:\/\/www.warmconfort.cc\/wp-content\/uploads\/2025\/09\/H51ed38c3479a4c8abdad2f93019c86e45-1-300x300.webp",300,300,true],"medium_large":["https:\/\/www.warmconfort.cc\/wp-content\/uploads\/2025\/09\/H51ed38c3479a4c8abdad2f93019c86e45-1-768x768.webp",768,768,true],"large":["https:\/\/www.warmconfort.cc\/wp-content\/uploads\/2025\/09\/H51ed38c3479a4c8abdad2f93019c86e45-1.webp",800,800,false],"1536x1536":["https:\/\/www.warmconfort.cc\/wp-content\/uploads\/2025\/09\/H51ed38c3479a4c8abdad2f93019c86e45-1.webp",800,800,false],"2048x2048":["https:\/\/www.warmconfort.cc\/wp-content\/uploads\/2025\/09\/H51ed38c3479a4c8abdad2f93019c86e45-1.webp",800,800,false],"trp-custom-language-flag":["https:\/\/www.warmconfort.cc\/wp-content\/uploads\/2025\/09\/H51ed38c3479a4c8abdad2f93019c86e45-1.webp",12,12,false],"visody_icon":["https:\/\/www.warmconfort.cc\/wp-content\/uploads\/2025\/09\/H51ed38c3479a4c8abdad2f93019c86e45-1.webp",32,32,false],"woocommerce_thumbnail":["https:\/\/www.warmconfort.cc\/wp-content\/uploads\/2025\/09\/H51ed38c3479a4c8abdad2f93019c86e45-1-300x300.webp",300,300,true],"woocommerce_single":["https:\/\/www.warmconfort.cc\/wp-content\/uploads\/2025\/09\/H51ed38c3479a4c8abdad2f93019c86e45-1-600x600.webp",600,600,true],"woocommerce_gallery_thumbnail":["https:\/\/www.warmconfort.cc\/wp-content\/uploads\/2025\/09\/H51ed38c3479a4c8abdad2f93019c86e45-1-400x400.webp",400,400,true]},"uagb_author_info":{"display_name":"warmconfort","author_link":"https:\/\/www.warmconfort.cc\/es\/author\/"},"uagb_comment_info":0,"uagb_excerpt":"FAQ 1. who are we?We are based in Guangdong, China, start from 2019,sell to Northern Europe(35.00%),Eastern Europe(20.00%),EasternAsia(10.00%),Western Europe(10.00%),Southern Europe(8.00%),Mid East(2.00%),Southeast","_links":{"self":[{"href":"https:\/\/www.warmconfort.cc\/es\/wp-json\/wp\/v2\/product\/9578","targetHints":{"allow":["GET"]}}],"collection":[{"href":"https:\/\/www.warmconfort.cc\/es\/wp-json\/wp\/v2\/product"}],"about":[{"href":"https:\/\/www.warmconfort.cc\/es\/wp-json\/wp\/v2\/types\/product"}],"version-history":[{"count":1,"href":"https:\/\/www.warmconfort.cc\/es\/wp-json\/wp\/v2\/product\/9578\/revisions"}],"predecessor-version":[{"id":9584,"href":"https:\/\/www.warmconfort.cc\/es\/wp-json\/wp\/v2\/product\/9578\/revisions\/9584"}],"wp:featuredmedia":[{"embeddable":true,"href":"https:\/\/www.warmconfort.cc\/es\/wp-json\/wp\/v2\/media\/9579"}],"wp:attachment":[{"href":"https:\/\/www.warmconfort.cc\/es\/wp-json\/wp\/v2\/media?parent=9578"}],"wp:term":[{"taxonomy":"product_brand","embeddable":true,"href":"https:\/\/www.warmconfort.cc\/es\/wp-json\/wp\/v2\/product_brand?post=9578"},{"taxonomy":"product_cat","embeddable":true,"href":"https:\/\/www.warmconfort.cc\/es\/wp-json\/wp\/v2\/product_cat?post=9578"},{"taxonomy":"product_tag","embeddable":true,"href":"https:\/\/www.warmconfort.cc\/es\/wp-json\/wp\/v2\/product_tag?post=9578"}],"curies":[{"name":"wp","href":"https:\/\/api.w.org\/{rel}","templated":true}]}}