{"id":10434,"date":"2025-09-28T15:15:12","date_gmt":"2025-09-28T07:15:12","guid":{"rendered":"https:\/\/www.warmconfort.cc\/product\/portable-12v-24v-2kw-auto-tent-heater-for-outdoor-use\/"},"modified":"2025-09-28T15:15:15","modified_gmt":"2025-09-28T07:15:15","slug":"portable-12v-24v-2kw-auto-tent-heater-for-outdoor-use","status":"publish","type":"product","link":"https:\/\/www.warmconfort.cc\/es\/product\/portable-12v-24v-2kw-auto-tent-heater-for-outdoor-use\/","title":{"rendered":"Calentador port\u00e1til para tienda de campa\u00f1a de 12 V\/24 V y 2 kW para uso en exteriores"},"content":{"rendered":"<div data-magic-global=\"%7B%22bizId%22%3A2208662566372%2C%22pageId%22%3A21171970767%2C%22siteId%22%3A5006890056%7D\" id=\"detail_decorate_root\">\n<style>#detail_decorate_root .magic-0{width:750px}#detail_decorate_root .magic-1{overflow:hidden;width:750px;height:421.822272215973px;margin-top:0;margin-bottom:0;margin-left:0;margin-right:0}#detail_decorate_root .magic-2{margin-top:0;margin-left:0;width:750px;height:421.822272215973px}#detail_decorate_root .magic-3{width:750px;border-collapse:collapse}#detail_decorate_root .magic-4{min-height:28px;padding:5px 10px;width:726px;min-height:28px;box-sizing:content-box}#detail_decorate_root .magic-5{text-align:center}#detail_decorate_root .magic-6{display:none}#detail_decorate_root .magic-7{min-height:28px;padding:5px 10px;width:116px;min-height:28px;box-sizing:content-box}#detail_decorate_root .magic-8{min-height:28px;padding:5px 10px;width:152px;min-height:28px;box-sizing:content-box}#detail_decorate_root .magic-9{min-height:28px;padding:5px 10px;width:161px;min-height:28px;box-sizing:content-box}#detail_decorate_root .magic-10{min-height:28px;padding:5px 10px;width:137px;min-height:28px;box-sizing:content-box}#detail_decorate_root .magic-11{min-height:28px;padding:5px 10px;width:78px;min-height:28px;box-sizing:content-box}#detail_decorate_root .magic-12{min-height:28px;padding:5px 10px;width:136px;min-height:28px;box-sizing:content-box}#detail_decorate_root .magic-13{margin-bottom:10px;line-height:0}#detail_decorate_root .magic-14{width:750px;height:1372.5px;overflow:hidden;margin-bottom:0}#detail_decorate_root .magic-15{position:relative;left:0;top:0;width:750px;height:1372.5px}#detail_decorate_root .magic-16{width:750px;height:2005.5px;overflow:hidden;margin-bottom:0}#detail_decorate_root .magic-17{position:relative;left:0;top:0;width:750px;height:2005.5px}#detail_decorate_root .magic-18{vertical-align:top}#detail_decorate_root .magic-19{padding:0;margin:0;color:#333;font-size:14px;padding-left:4px;font-weight:bold;white-space:pre-wrap}#detail_decorate_root .magic-20{font-size:26px}#detail_decorate_root .magic-21{vertical-align:top;display:block;padding-right:4px;box-sizing:border-box;padding-left:4px}#detail_decorate_root .magic-22{vertical-align:top;padding-bottom:4px;box-sizing:border-box;padding-top:4px}#detail_decorate_root .magic-23{padding:0;margin:0;white-space:pre-wrap;font-size:14px}<\/style>\n<div module-id=\"31972541705\" module-title=\"detailSingleImage\" render=\"true\" class=\"J_module\">\n<div class=\"icbu-pc-images magic-0\">\n<div>\n<div class=\"flex-layout-v\">\n<div class=\"flex-layout-h magic-0\">\n<div class=\"magic-1\"><img decoding=\"async\" src=\"https:\/\/sc04.alicdn.com\/kf\/H48024ce5688b422eb1603afd5a40c753x\/243889834\/H48024ce5688b422eb1603afd5a40c753x.png\" data-src=\"\/\/sc04.alicdn.com\/kf\/H48024ce5688b422eb1603afd5a40c753x\/243889834\/H48024ce5688b422eb1603afd5a40c753x.png\" class=\"magic-2\"><\/div>\n<\/div>\n<\/div>\n<\/div>\n<\/div>\n<\/div>\n<div module-id=\"31972541706\" module-title=\"detailSingleImage\" render=\"true\" class=\"J_module\">\n<div class=\"icbu-pc-images magic-0\">\n<div>\n<div class=\"flex-layout-v\">\n<div class=\"flex-layout-h magic-0\">\n<div class=\"magic-1\"><img decoding=\"async\" src=\"https:\/\/sc04.alicdn.com\/kf\/H992af5cb0b6f439e90718e51de32ba84b\/243889834\/H992af5cb0b6f439e90718e51de32ba84b.png\" data-src=\"\/\/sc04.alicdn.com\/kf\/H992af5cb0b6f439e90718e51de32ba84b\/243889834\/H992af5cb0b6f439e90718e51de32ba84b.png\" class=\"magic-2\"><\/div>\n<\/div>\n<\/div>\n<\/div>\n<\/div>\n<\/div>\n<div module-id=\"31972541707\" module-title=\"detailSingleImage\" render=\"true\" class=\"J_module\">\n<div class=\"icbu-pc-images magic-0\">\n<div>\n<div class=\"flex-layout-v\">\n<div class=\"flex-layout-h magic-0\">\n<div class=\"magic-1\"><img decoding=\"async\" src=\"https:\/\/sc04.alicdn.com\/kf\/He9b8d567b1e64b9c817d8eba83afeec5q\/243889834\/He9b8d567b1e64b9c817d8eba83afeec5q.png\" data-src=\"\/\/sc04.alicdn.com\/kf\/He9b8d567b1e64b9c817d8eba83afeec5q\/243889834\/He9b8d567b1e64b9c817d8eba83afeec5q.png\" class=\"magic-2\"><\/div>\n<\/div>\n<\/div>\n<\/div>\n<\/div>\n<\/div>\n<div module-id=\"31972541708\" module-title=\"detailTableTitleHightLight\" render=\"true\" class=\"J_module\">\n<div class=\"ife-detail-decorate-table\">\n<table class=\"has-title hight-light-first-column all magic-3\">\n<tbody>\n<tr>\n<td colspan=\"5\" rowspan=\"1\">\n<div class=\"magic-4\">\n<div data-spm-anchor-id=\"0.0.0.i53.54eb4f05pAhTB2\" class=\"magic-5\">\n<b data-spm-anchor-id=\"a2700.pc-decorate.0.i16.4ac93333OFDjFX\">LISTA DE PRUEBAS Calentadores de estacionamiento de 12V\/24V 2 KW 5KW<\/b>\n<\/div>\n<\/div>\n<\/td>\n<td rowspan=\"0\" class=\"magic-6\">\n<div class=\"magic-7\">LISTA DE PRUEBAS Calentadores de estacionamiento de 12V\/24V 5KW<\/div>\n<\/td>\n<td rowspan=\"0\" class=\"magic-6\">\n<div class=\"magic-8\"><\/div>\n<\/td>\n<td rowspan=\"0\" class=\"magic-6\">\n<div class=\"magic-9\"><\/div>\n<\/td>\n<td rowspan=\"0\" class=\"magic-6\">\n<div class=\"magic-10\"><\/div>\n<\/td>\n<\/tr>\n<tr>\n<td colspan=\"1\" rowspan=\"1\">\n<div class=\"magic-11\">\n<div data-spm-anchor-id=\"0.0.0.i60.54eb4f05pAhTB2\" class=\"magic-5\"><b data-spm-anchor-id=\"0.0.0.i72.54eb4f05pAhTB2\">POSICI\u00d3N DE LA PIEZA DE MARCHA<\/b><\/div>\n<\/div>\n<\/td>\n<td colspan=\"1\" rowspan=\"1\">\n<div class=\"magic-7\">\n<div class=\"magic-5\"><b data-spm-anchor-id=\"a2700.pc-decorate.0.i31.57003333y6tBjT\">CAUDAL DE AIRE (m\u00b3\/h)<\/b><\/div>\n<\/div>\n<\/td>\n<td colspan=\"1\" rowspan=\"1\">\n<div class=\"magic-8\">\n<div class=\"magic-5\"><b>TEMPERATURA DE FLUJO REAL (\u00b0C)<\/b><\/div>\n<\/div>\n<\/td>\n<td colspan=\"1\" rowspan=\"1\">\n<div class=\"magic-9\">\n<div class=\"magic-5\"><b>TEMPERATURA DE ESCAPE (\u00b0C)<\/b><\/div>\n<\/div>\n<\/td>\n<td colspan=\"1\" rowspan=\"1\">\n<div class=\"magic-12\">\n<div class=\"magic-5\"><b>CONSUMO DE COMBUSTIBLE (L\/H)<\/b><\/div>\n<\/div>\n<\/td>\n<\/tr>\n<tr>\n<td colspan=\"1\" rowspan=\"1\">\n<div class=\"magic-11\">\n<div data-spm-anchor-id=\"0.0.0.i61.54eb4f05pAhTB2\" class=\"magic-5\">1<\/div>\n<\/div>\n<\/td>\n<td colspan=\"1\" rowspan=\"1\">\n<div class=\"magic-7\">\n<div data-spm-anchor-id=\"0.0.0.i57.54eb4f05pAhTB2\" class=\"magic-5\">85 m\u00b3\/h<\/div>\n<\/div>\n<\/td>\n<td colspan=\"1\" rowspan=\"1\">\n<div class=\"magic-8\">\n<div class=\"magic-5\">52\u2103<\/div>\n<\/div>\n<\/td>\n<td colspan=\"1\" rowspan=\"1\">\n<div class=\"magic-9\">\n<div class=\"magic-5\">216\u2103<\/div>\n<\/div>\n<\/td>\n<td colspan=\"1\" rowspan=\"1\">\n<div class=\"magic-12\">\n<div class=\"magic-5\">0,17 l\/h<\/div>\n<\/div>\n<\/td>\n<\/tr>\n<tr>\n<td colspan=\"1\" rowspan=\"1\">\n<div class=\"magic-11\">\n<div data-spm-anchor-id=\"0.0.0.i65.54eb4f05pAhTB2\" class=\"magic-5\">2<\/div>\n<\/div>\n<\/td>\n<td colspan=\"1\" rowspan=\"1\">\n<div class=\"magic-7\">\n<div data-spm-anchor-id=\"0.0.0.i59.54eb4f05pAhTB2\" class=\"magic-5\">88 m\u00b3\/h<\/div>\n<\/div>\n<\/td>\n<td colspan=\"1\" rowspan=\"1\">\n<div class=\"magic-8\">\n<div class=\"magic-5\">62\u2103<\/div>\n<\/div>\n<\/td>\n<td colspan=\"1\" rowspan=\"1\">\n<div class=\"magic-9\">\n<div data-spm-anchor-id=\"0.0.0.i66.54eb4f05pAhTB2\" class=\"magic-5\">232\u2103<\/div>\n<\/div>\n<\/td>\n<td colspan=\"1\" rowspan=\"1\">\n<div class=\"magic-12\">\n<div class=\"magic-5\">0,24 l\/h<\/div>\n<\/div>\n<\/td>\n<\/tr>\n<tr>\n<td colspan=\"1\" rowspan=\"1\">\n<div class=\"magic-11\">\n<div class=\"magic-5\">3<\/div>\n<\/div>\n<\/td>\n<td colspan=\"1\" rowspan=\"1\">\n<div class=\"magic-7\">\n<div class=\"magic-5\">93 m\u00b3\/h<\/div>\n<\/div>\n<\/td>\n<td colspan=\"1\" rowspan=\"1\">\n<div class=\"magic-8\">\n<div data-spm-anchor-id=\"0.0.0.i63.54eb4f05pAhTB2\" class=\"magic-5\">73\u2103<\/div>\n<\/div>\n<\/td>\n<td colspan=\"1\" rowspan=\"1\">\n<div class=\"magic-9\">\n<div data-spm-anchor-id=\"0.0.0.i58.54eb4f05pAhTB2\" class=\"magic-5\">263\u2103<\/div>\n<\/div>\n<\/td>\n<td colspan=\"1\" rowspan=\"1\">\n<div class=\"magic-12\">\n<div class=\"magic-5\">0,28 l\/h<\/div>\n<\/div>\n<\/td>\n<\/tr>\n<tr>\n<td colspan=\"1\" rowspan=\"1\">\n<div class=\"magic-11\">\n<div data-spm-anchor-id=\"a2700.pc-decorate.0.i32.57003333y6tBjT\" class=\"magic-5\">4<\/div>\n<\/div>\n<\/td>\n<td colspan=\"1\" rowspan=\"1\">\n<div class=\"magic-7\">\n<div data-spm-anchor-id=\"0.0.0.i68.54eb4f05pAhTB2\" class=\"magic-5\">99 m\u00b3\/h<\/div>\n<\/div>\n<\/td>\n<td colspan=\"1\" rowspan=\"1\">\n<div class=\"magic-8\">\n<div class=\"magic-5\">89\u2103<\/div>\n<\/div>\n<\/td>\n<td colspan=\"1\" rowspan=\"1\">\n<div class=\"magic-9\">\n<div class=\"magic-5\">279\u2103<\/div>\n<\/div>\n<\/td>\n<td colspan=\"1\" rowspan=\"1\">\n<div class=\"magic-12\">\n<div class=\"magic-5\">0,31 l\/h<\/div>\n<\/div>\n<\/td>\n<\/tr>\n<tr>\n<td colspan=\"1\" rowspan=\"1\">\n<div class=\"magic-11\">\n<div class=\"magic-5\">5<\/div>\n<\/div>\n<\/td>\n<td colspan=\"1\" rowspan=\"1\">\n<div class=\"magic-7\">\n<div data-spm-anchor-id=\"0.0.0.i62.54eb4f05pAhTB2\" class=\"magic-5\">105 m\u00b3\/h<\/div>\n<\/div>\n<\/td>\n<td colspan=\"1\" rowspan=\"1\">\n<div class=\"magic-8\">\n<div class=\"magic-5\">110\u2103<\/div>\n<\/div>\n<\/td>\n<td colspan=\"1\" rowspan=\"1\">\n<div class=\"magic-9\">\n<div class=\"magic-5\">300\u2103<\/div>\n<\/div>\n<\/td>\n<td colspan=\"1\" rowspan=\"1\">\n<div class=\"magic-12\">\n<div class=\"magic-5\">0,37 l\/h<\/div>\n<\/div>\n<\/td>\n<\/tr>\n<\/tbody>\n<\/table>\n<\/div>\n<\/div>\n<div module-id=\"31972541709\" module-title=\"detailManyImage\" render=\"true\" class=\"J_module\">\n<div class=\"icbu-pc-detailManyImage magic-13\">\n<div class=\"magic-14\"><img decoding=\"async\" src=\"https:\/\/sc04.alicdn.com\/kf\/H7ab7cc3946f84010a89409983b385ad8G\/243889834\/H7ab7cc3946f84010a89409983b385ad8G.png\" data-src=\"\/\/sc04.alicdn.com\/kf\/H7ab7cc3946f84010a89409983b385ad8G\/243889834\/H7ab7cc3946f84010a89409983b385ad8G.png\" class=\"magic-15\"><\/div>\n<div class=\"magic-16\"><img decoding=\"async\" src=\"https:\/\/sc04.alicdn.com\/kf\/H3bcbf3450f2c41d1a3d9d865b7674ee3P\/243889834\/H3bcbf3450f2c41d1a3d9d865b7674ee3P.png\" data-src=\"\/\/sc04.alicdn.com\/kf\/H3bcbf3450f2c41d1a3d9d865b7674ee3P\/243889834\/H3bcbf3450f2c41d1a3d9d865b7674ee3P.png\" class=\"magic-17\"><\/div>\n<\/div>\n<\/div>\n<div module-id=\"31972541710\" module-title=\"detailTextWithTitle\" render=\"true\" class=\"J_module\">\n<div class=\"detail-decorate-json-renderer-container\">\n<div class=\"magic-18\">\n<h3 class=\"magic-19\"><font class=\"magic-20\">Preguntas frecuentes<\/font><\/h3>\n<div class=\"magic-21\">\n<div class=\"magic-22\">\n<div class=\"magic-23\"><span>1. \u00bfQui\u00e9nes somos?<br \/>Tenemos nuestra sede en Guangdong, China, y desde 2019 vendemos a Europa del Norte (35.001 TP3T), Europa del Este (20.001 TP3T) y Europa Oriental.<br \/>Asia (10.001 TP3T), Europa Occidental (10.001 TP3T), Europa Meridional (8.001 TP3T), Oriente Medio (2.001 TP3T), Sudeste Asi\u00e1tico (1.001 TP3T). En nuestra oficina trabajan entre 51 y 100 personas.<\/p>\n<p>2. \u00bfC\u00f3mo podemos garantizar la calidad?<br \/>Siempre se realiza una muestra de preproducci\u00f3n antes de la producci\u00f3n en masa;<br \/>Siempre se realiza una inspecci\u00f3n final antes del env\u00edo;<\/p>\n<p>3. \u00bfQu\u00e9 puedes comprar con nosotros?<br \/>Calentador de estacionamiento, calentador de agua, aire acondicionado para autom\u00f3vil, convertidor CC-CC, controlador de motor CC<\/p>\n<p>4. \u00bfPor qu\u00e9 deber\u00eda comprarnos a nosotros y no a otros proveedores?<br \/>Zhongshan Yuanxi Electronic Technology Co., Ltd. es un socio de suministros automotrices de alta calidad que se dedica a la investigaci\u00f3n y el desarrollo, la producci\u00f3n y las ventas. Llevamos casi 10 a\u00f1os comprometidos con este sector y nos centramos en la calidad y el servicio.<\/p>\n<p>5. \u00bfQu\u00e9 servicios podemos ofrecer?<br \/>Condiciones de entrega aceptadas: FOB, CIF, EXW, DDP, DAF;<br \/>Moneda de pago aceptada: USD;<br \/>Formas de pago aceptadas: Transferencia bancaria, tarjeta de cr\u00e9dito, Western Union;<br \/>Idiomas hablados: ingl\u00e9s, chino<\/span><\/div>\n<\/div>\n<\/div>\n<\/div>\n<\/div>\n<\/div><\/div>","protected":false},"excerpt":{"rendered":"<p>TEST LIST 12V\/24V 2 KW 5KW Parking Heaters TEST LIST 12V\/24V 5KW Parking Heaters GEAR POSITION AIR FLOW\uff08m\u00b3\/h\uff09 FLOW TEMPERATRUE\uff08\u2103\uff09<\/p>","protected":false},"featured_media":10439,"template":"","meta":{"_eb_attr":"","_uag_custom_page_level_css":""},"product_brand":[],"product_cat":[22],"product_tag":[],"class_list":{"0":"post-10434","1":"product","2":"type-product","3":"status-publish","4":"has-post-thumbnail","6":"product_cat-diesel-parking-heater","8":"first","9":"instock","10":"shipping-taxable","11":"purchasable","12":"product-type-simple"},"uagb_featured_image_src":{"full":["https:\/\/www.warmconfort.cc\/wp-content\/uploads\/2025\/09\/H04f861509c21409eaf4407073f66b123g.webp",960,960,false],"thumbnail":["https:\/\/www.warmconfort.cc\/wp-content\/uploads\/2025\/09\/H04f861509c21409eaf4407073f66b123g-150x150.webp",150,150,true],"medium":["https:\/\/www.warmconfort.cc\/wp-content\/uploads\/2025\/09\/H04f861509c21409eaf4407073f66b123g-300x300.webp",300,300,true],"medium_large":["https:\/\/www.warmconfort.cc\/wp-content\/uploads\/2025\/09\/H04f861509c21409eaf4407073f66b123g-768x768.webp",768,768,true],"large":["https:\/\/www.warmconfort.cc\/wp-content\/uploads\/2025\/09\/H04f861509c21409eaf4407073f66b123g.webp",960,960,false],"1536x1536":["https:\/\/www.warmconfort.cc\/wp-content\/uploads\/2025\/09\/H04f861509c21409eaf4407073f66b123g.webp",960,960,false],"2048x2048":["https:\/\/www.warmconfort.cc\/wp-content\/uploads\/2025\/09\/H04f861509c21409eaf4407073f66b123g.webp",960,960,false],"trp-custom-language-flag":["https:\/\/www.warmconfort.cc\/wp-content\/uploads\/2025\/09\/H04f861509c21409eaf4407073f66b123g.webp",12,12,false],"visody_icon":["https:\/\/www.warmconfort.cc\/wp-content\/uploads\/2025\/09\/H04f861509c21409eaf4407073f66b123g.webp",32,32,false],"woocommerce_thumbnail":["https:\/\/www.warmconfort.cc\/wp-content\/uploads\/2025\/09\/H04f861509c21409eaf4407073f66b123g-300x300.webp",300,300,true],"woocommerce_single":["https:\/\/www.warmconfort.cc\/wp-content\/uploads\/2025\/09\/H04f861509c21409eaf4407073f66b123g-600x600.webp",600,600,true],"woocommerce_gallery_thumbnail":["https:\/\/www.warmconfort.cc\/wp-content\/uploads\/2025\/09\/H04f861509c21409eaf4407073f66b123g-400x400.webp",400,400,true]},"uagb_author_info":{"display_name":"warmconfort","author_link":"https:\/\/www.warmconfort.cc\/es\/author\/"},"uagb_comment_info":0,"uagb_excerpt":"TEST LIST 12V\/24V 2 KW 5KW Parking Heaters TEST LIST 12V\/24V 5KW Parking Heaters GEAR POSITION AIR FLOW\uff08m\u00b3\/h\uff09 FLOW TEMPERATRUE\uff08\u2103\uff09","_links":{"self":[{"href":"https:\/\/www.warmconfort.cc\/es\/wp-json\/wp\/v2\/product\/10434","targetHints":{"allow":["GET"]}}],"collection":[{"href":"https:\/\/www.warmconfort.cc\/es\/wp-json\/wp\/v2\/product"}],"about":[{"href":"https:\/\/www.warmconfort.cc\/es\/wp-json\/wp\/v2\/types\/product"}],"version-history":[{"count":1,"href":"https:\/\/www.warmconfort.cc\/es\/wp-json\/wp\/v2\/product\/10434\/revisions"}],"predecessor-version":[{"id":10445,"href":"https:\/\/www.warmconfort.cc\/es\/wp-json\/wp\/v2\/product\/10434\/revisions\/10445"}],"wp:featuredmedia":[{"embeddable":true,"href":"https:\/\/www.warmconfort.cc\/es\/wp-json\/wp\/v2\/media\/10439"}],"wp:attachment":[{"href":"https:\/\/www.warmconfort.cc\/es\/wp-json\/wp\/v2\/media?parent=10434"}],"wp:term":[{"taxonomy":"product_brand","embeddable":true,"href":"https:\/\/www.warmconfort.cc\/es\/wp-json\/wp\/v2\/product_brand?post=10434"},{"taxonomy":"product_cat","embeddable":true,"href":"https:\/\/www.warmconfort.cc\/es\/wp-json\/wp\/v2\/product_cat?post=10434"},{"taxonomy":"product_tag","embeddable":true,"href":"https:\/\/www.warmconfort.cc\/es\/wp-json\/wp\/v2\/product_tag?post=10434"}],"curies":[{"name":"wp","href":"https:\/\/api.w.org\/{rel}","templated":true}]}}