{"id":9609,"date":"2025-09-28T14:46:18","date_gmt":"2025-09-28T06:46:18","guid":{"rendered":"https:\/\/www.warmconfort.cc\/product\/5kw-12v-diesel-water-auto-parking-heater-for-caravan-truck-boat-similar-to-webasto-heater\/"},"modified":"2025-11-06T16:14:19","modified_gmt":"2025-11-06T08:14:19","slug":"5kw-12v-diesel-water-auto-parking-heater-for-caravan-truck-boat-similar-to-webasto-heater","status":"publish","type":"product","link":"https:\/\/www.warmconfort.cc\/de\/product\/5kw-12v-diesel-water-auto-parking-heater-for-caravan-truck-boat-similar-to-webasto-heater\/","title":{"rendered":"5 kW 12 V Diesel-Wasser-Standheizung f\u00fcr Wohnwagen, LKW, Boot, \u00e4hnlich wie Webasto-Heizung"},"content":{"rendered":"<div id=\"detail_decorate_root\" data-magic-global=\"%7B%22bizId%22%3A2208662566372%2C%22pageId%22%3A20014800857%2C%22siteId%22%3A5006890056%7D\">\n<style>#detail_decorate_root .magic-0{width:750px}#detail_decorate_root .magic-1{overflow:hidden;width:750px;height:2529.75px;margin-top:0;margin-bottom:0;margin-left:0;margin-right:0}#detail_decorate_root .magic-2{margin-top:0;margin-left:0;width:750px;height:2529.75px}#detail_decorate_root .magic-3{margin-bottom:10px;line-height:0}#detail_decorate_root .magic-4{width:750px;height:1372.5px;overflow:hidden;margin-bottom:0}#detail_decorate_root .magic-5{position:relative;left:0;top:0;width:750px;height:1372.5px}#detail_decorate_root .magic-6{width:750px;height:2005.5px;overflow:hidden;margin-bottom:0}#detail_decorate_root .magic-7{position:relative;left:0;top:0;width:750px;height:2005.5px}#detail_decorate_root .magic-8{vertical-align:top}#detail_decorate_root .magic-9{padding:0;margin:0;color:#333;font-size:14px;padding-left:4px;font-weight:bold;white-space:pre-wrap}#detail_decorate_root .magic-10{font-size:26px}#detail_decorate_root .magic-11{vertical-align:top;display:block;padding-right:4px;box-sizing:border-box;padding-left:4px}#detail_decorate_root .magic-12{vertical-align:top;padding-bottom:4px;box-sizing:border-box;padding-top:4px}#detail_decorate_root .magic-13{padding:0;margin:0;white-space:pre-wrap;font-size:14px}<\/style>\n<div class=\"J_module\">\n<div class=\"icbu-pc-images magic-0\">\n<div>\n<div class=\"flex-layout-v\">\n<div class=\"flex-layout-h magic-0\">\n<div class=\"magic-1\"><img decoding=\"async\" class=\"magic-2\" src=\"https:\/\/sc04.alicdn.com\/kf\/Hcf96026b2e724a4cada0a3db8a7f25f3J\/243889834\/Hcf96026b2e724a4cada0a3db8a7f25f3J.png\" data-src=\"\/\/sc04.alicdn.com\/kf\/Hcf96026b2e724a4cada0a3db8a7f25f3J\/243889834\/Hcf96026b2e724a4cada0a3db8a7f25f3J.png\" \/><\/div>\n<\/div>\n<\/div>\n<\/div>\n<\/div>\n<\/div>\n<div class=\"J_module\">\n<div class=\"icbu-pc-detailManyImage magic-3\">\n<div class=\"magic-4\"><img decoding=\"async\" class=\"magic-5\" src=\"https:\/\/sc04.alicdn.com\/kf\/H7ab7cc3946f84010a89409983b385ad8G\/243889834\/H7ab7cc3946f84010a89409983b385ad8G.png\" data-src=\"\/\/sc04.alicdn.com\/kf\/H7ab7cc3946f84010a89409983b385ad8G\/243889834\/H7ab7cc3946f84010a89409983b385ad8G.png\" \/><\/div>\n<div class=\"magic-6\"><img decoding=\"async\" class=\"magic-7\" src=\"https:\/\/sc04.alicdn.com\/kf\/H3bcbf3450f2c41d1a3d9d865b7674ee3P\/243889834\/H3bcbf3450f2c41d1a3d9d865b7674ee3P.png\" data-src=\"\/\/sc04.alicdn.com\/kf\/H3bcbf3450f2c41d1a3d9d865b7674ee3P\/243889834\/H3bcbf3450f2c41d1a3d9d865b7674ee3P.png\" \/><\/div>\n<\/div>\n<\/div>\n<div class=\"J_module\">\n<div class=\"detail-decorate-json-renderer-container\">\n<div class=\"magic-8\">\n<h3 class=\"magic-9\"><span class=\"magic-10\">H\u00e4ufig gestellte Fragen<\/span><\/h3>\n<div class=\"magic-11\">\n<div class=\"magic-12\">\n<div class=\"magic-13\">1. Wer sind wir?<br \/>\nWir haben unseren Sitz in Guangdong, China, und sind seit 2019 t\u00e4tig. Unsere Exportm\u00e4rkte sind Nordeuropa (35.001 TP3T), Osteuropa (20.001 TP3T) und Osteuropa.<br \/>\nAsien (10,001 TP3T), Westeuropa (10,001 TP3T), S\u00fcdeuropa (8,001 TP3T), Naher Osten (2,001 TP3T), S\u00fcdostasien (1,001 TP3T). Unser B\u00fcro hat insgesamt etwa 51\u2013100 Mitarbeiter.<\/p>\n<p>2. Wie k\u00f6nnen wir Qualit\u00e4t garantieren?<br \/>\nVor der Massenproduktion wird stets ein Vorserienmuster angefertigt;<br \/>\nVor dem Versand stets eine Endkontrolle durchf\u00fchren;<\/p>\n<p>3. Was k\u00f6nnen Sie bei uns kaufen?<br \/>\nStandheizung, Warmwasserbereiter, Autoklimaanlage, DC\/DC-Wandler, DC-Motorsteuerung<\/p>\n<p>4. Warum sollten Sie bei uns und nicht bei anderen Anbietern kaufen?<br \/>\nZhongshan Yuanxi Electronic Technology Co., Ltd. ist ein f\u00fchrender Anbieter von hochwertigen Automobilzulieferteilen und vereint Forschung und Entwicklung, Produktion und Vertrieb. Seit fast 10 Jahren engagieren wir uns in diesem Bereich und legen Wert auf Qualit\u00e4t und Service.<\/p>\n<p>5. Welche Dienstleistungen k\u00f6nnen wir anbieten?<br \/>\nAkzeptierte Lieferbedingungen: FOB, CIF, EXW, DDP, DAF;<br \/>\nAkzeptierte Zahlungsw\u00e4hrung: USD;<br \/>\nAkzeptierte Zahlungsarten: T\/T, Kreditkarte, Western Union;<br \/>\nGesprochene Sprachen: Englisch, Chinesisch<\/p><\/div>\n<\/div>\n<\/div>\n<\/div>\n<\/div>\n<\/div>\n<\/div>","protected":false},"excerpt":{"rendered":"<p>FAQ 1. who are we? We are based in Guangdong, China, start from 2019,sell to Northern Europe(35.00%),Eastern Europe(20.00%),Eastern Asia(10.00%),Western Europe(10.00%),Southern<\/p>","protected":false},"featured_media":11293,"template":"","meta":{"_eb_attr":"","_uag_custom_page_level_css":""},"product_brand":[],"product_cat":[23],"product_tag":[38],"class_list":{"0":"post-9609","1":"product","2":"type-product","3":"status-publish","4":"has-post-thumbnail","6":"product_cat-diesel-water-heater","7":"product_tag-index","9":"first","10":"instock","11":"shipping-taxable","12":"purchasable","13":"product-type-simple"},"uagb_featured_image_src":{"full":["https:\/\/www.warmconfort.cc\/wp-content\/uploads\/2025\/09\/\u5fae\u4fe1\u56fe\u7247_2025-11-06_161058_535.png",609,609,false],"thumbnail":["https:\/\/www.warmconfort.cc\/wp-content\/uploads\/2025\/09\/\u5fae\u4fe1\u56fe\u7247_2025-11-06_161058_535-150x150.png",150,150,true],"medium":["https:\/\/www.warmconfort.cc\/wp-content\/uploads\/2025\/09\/\u5fae\u4fe1\u56fe\u7247_2025-11-06_161058_535-300x300.png",300,300,true],"medium_large":["https:\/\/www.warmconfort.cc\/wp-content\/uploads\/2025\/09\/\u5fae\u4fe1\u56fe\u7247_2025-11-06_161058_535.png",609,609,false],"large":["https:\/\/www.warmconfort.cc\/wp-content\/uploads\/2025\/09\/\u5fae\u4fe1\u56fe\u7247_2025-11-06_161058_535.png",609,609,false],"1536x1536":["https:\/\/www.warmconfort.cc\/wp-content\/uploads\/2025\/09\/\u5fae\u4fe1\u56fe\u7247_2025-11-06_161058_535.png",609,609,false],"2048x2048":["https:\/\/www.warmconfort.cc\/wp-content\/uploads\/2025\/09\/\u5fae\u4fe1\u56fe\u7247_2025-11-06_161058_535.png",609,609,false],"trp-custom-language-flag":["https:\/\/www.warmconfort.cc\/wp-content\/uploads\/2025\/09\/\u5fae\u4fe1\u56fe\u7247_2025-11-06_161058_535-12x12.png",12,12,true],"visody_icon":["https:\/\/www.warmconfort.cc\/wp-content\/uploads\/2025\/09\/\u5fae\u4fe1\u56fe\u7247_2025-11-06_161058_535-32x32.png",32,32,true],"woocommerce_thumbnail":["https:\/\/www.warmconfort.cc\/wp-content\/uploads\/2025\/09\/\u5fae\u4fe1\u56fe\u7247_2025-11-06_161058_535-300x300.png",300,300,true],"woocommerce_single":["https:\/\/www.warmconfort.cc\/wp-content\/uploads\/2025\/09\/\u5fae\u4fe1\u56fe\u7247_2025-11-06_161058_535-600x600.png",600,600,true],"woocommerce_gallery_thumbnail":["https:\/\/www.warmconfort.cc\/wp-content\/uploads\/2025\/09\/\u5fae\u4fe1\u56fe\u7247_2025-11-06_161058_535-400x400.png",400,400,true]},"uagb_author_info":{"display_name":"warmconfort","author_link":"https:\/\/www.warmconfort.cc\/de\/author\/"},"uagb_comment_info":0,"uagb_excerpt":"FAQ 1. who are we? We are based in Guangdong, China, start from 2019,sell to Northern Europe(35.00%),Eastern Europe(20.00%),Eastern Asia(10.00%),Western Europe(10.00%),Southern","_links":{"self":[{"href":"https:\/\/www.warmconfort.cc\/de\/wp-json\/wp\/v2\/product\/9609","targetHints":{"allow":["GET"]}}],"collection":[{"href":"https:\/\/www.warmconfort.cc\/de\/wp-json\/wp\/v2\/product"}],"about":[{"href":"https:\/\/www.warmconfort.cc\/de\/wp-json\/wp\/v2\/types\/product"}],"version-history":[{"count":2,"href":"https:\/\/www.warmconfort.cc\/de\/wp-json\/wp\/v2\/product\/9609\/revisions"}],"predecessor-version":[{"id":11294,"href":"https:\/\/www.warmconfort.cc\/de\/wp-json\/wp\/v2\/product\/9609\/revisions\/11294"}],"wp:featuredmedia":[{"embeddable":true,"href":"https:\/\/www.warmconfort.cc\/de\/wp-json\/wp\/v2\/media\/11293"}],"wp:attachment":[{"href":"https:\/\/www.warmconfort.cc\/de\/wp-json\/wp\/v2\/media?parent=9609"}],"wp:term":[{"taxonomy":"product_brand","embeddable":true,"href":"https:\/\/www.warmconfort.cc\/de\/wp-json\/wp\/v2\/product_brand?post=9609"},{"taxonomy":"product_cat","embeddable":true,"href":"https:\/\/www.warmconfort.cc\/de\/wp-json\/wp\/v2\/product_cat?post=9609"},{"taxonomy":"product_tag","embeddable":true,"href":"https:\/\/www.warmconfort.cc\/de\/wp-json\/wp\/v2\/product_tag?post=9609"}],"curies":[{"name":"wp","href":"https:\/\/api.w.org\/{rel}","templated":true}]}}