{"id":9418,"date":"2025-09-19T16:11:55","date_gmt":"2025-09-19T08:11:55","guid":{"rendered":"https:\/\/www.warmconfort.cc\/product\/12v-5000w-truck-rv-caravan-motorhome-camper-cars-bus-cab-air-parking-heater-12v5kw-diesel-air-parking-heater\/"},"modified":"2025-09-19T16:11:57","modified_gmt":"2025-09-19T08:11:57","slug":"12v-5000w-truck-rv-caravan-motorhome-camper-cars-bus-cab-air-parking-heater-12v5kw-diesel-air-parking-heater","status":"publish","type":"product","link":"https:\/\/www.warmconfort.cc\/de\/product\/12v-5000w-truck-rv-caravan-motorhome-camper-cars-bus-cab-air-parking-heater-12v5kw-diesel-air-parking-heater\/","title":{"rendered":"12V 5000W LKW Wohnmobil Wohnwagen Camper PKW Bus Fahrerkabine Luft-Standheizung 12V5KW Diesel-Luft-Standheizung"},"content":{"rendered":"<p><img decoding=\"async\" src=\"https:\/\/sc04.alicdn.com\/kf\/H6fd6e6dbbed94ea4a71d08d67e4521381\/243889834\/H6fd6e6dbbed94ea4a71d08d67e4521381.jpg\" data-src=\"\/\/sc04.alicdn.com\/kf\/H6fd6e6dbbed94ea4a71d08d67e4521381\/243889834\/H6fd6e6dbbed94ea4a71d08d67e4521381.jpg\" data-alt=\"12V 5000W Truck RV Caravan Motorhome Camper Cars Bus Cab air Parking Heater 12V5KW Diesel air Parking Heater\" ori-width=\"3000\" ori-height=\"5950\"><img decoding=\"async\" src=\"https:\/\/sc04.alicdn.com\/kf\/H3f625d1af4d04cddb0b3e8d1c7bbae0bu\/243889834\/H3f625d1af4d04cddb0b3e8d1c7bbae0bu.jpg\" data-src=\"\/\/sc04.alicdn.com\/kf\/H3f625d1af4d04cddb0b3e8d1c7bbae0bu\/243889834\/H3f625d1af4d04cddb0b3e8d1c7bbae0bu.jpg\" data-alt=\"12V 5000W Truck RV Caravan Motorhome Camper Cars Bus Cab air Parking Heater 12V5KW Diesel air Parking Heater\" ori-width=\"3000\" ori-height=\"3075\"><img decoding=\"async\" src=\"https:\/\/sc04.alicdn.com\/kf\/H3804ca13848743ebb5397a182c50e2dbX\/243889834\/H3804ca13848743ebb5397a182c50e2dbX.jpg\" data-src=\"\/\/sc04.alicdn.com\/kf\/H3804ca13848743ebb5397a182c50e2dbX\/243889834\/H3804ca13848743ebb5397a182c50e2dbX.jpg\" ori-width=\"1500\" ori-height=\"1720\"><img decoding=\"async\" src=\"https:\/\/sc04.alicdn.com\/kf\/Hf3de32f58887401ba3d1c010a24452b4b\/243889834\/Hf3de32f58887401ba3d1c010a24452b4b.jpg\" data-src=\"\/\/sc04.alicdn.com\/kf\/Hf3de32f58887401ba3d1c010a24452b4b\/243889834\/Hf3de32f58887401ba3d1c010a24452b4b.jpg\" data-alt=\"12V 5000W Truck RV Caravan Motorhome Camper Cars Bus Cab air Parking Heater 12V5KW Diesel air Parking Heater\" ori-width=\"1500\" ori-height=\"1035\"><img decoding=\"async\" src=\"https:\/\/sc04.alicdn.com\/kf\/Ha1e22a8e65154616bfc1a7fb4eea50d9o\/243889834\/Ha1e22a8e65154616bfc1a7fb4eea50d9o.png\" data-src=\"\/\/sc04.alicdn.com\/kf\/Ha1e22a8e65154616bfc1a7fb4eea50d9o\/243889834\/Ha1e22a8e65154616bfc1a7fb4eea50d9o.png\" ori-width=\"1500\" ori-height=\"2485\"><img decoding=\"async\" src=\"https:\/\/sc04.alicdn.com\/kf\/H823408e5661043058fbe3c4e32a7ec42L\/243889834\/H823408e5661043058fbe3c4e32a7ec42L.jpg\" data-src=\"\/\/sc04.alicdn.com\/kf\/H823408e5661043058fbe3c4e32a7ec42L\/243889834\/H823408e5661043058fbe3c4e32a7ec42L.jpg\" ori-width=\"3000\" ori-height=\"2992\"><\/p>\n<div id=\"ali-anchor-AliPostDhMb-euxp6\" class=\"mceSectionContainer\" style=\"padding-top: 8px;\" data-section=\"AliPostDhMb-euxp6\" data-section-title=\"FAQ\">\n<div id=\"ali-title-AliPostDhMb-euxp6\" style=\"padding: 8px 0; border-bottom: 1px solid #ddd;\"><span style=\"background-color: #ddd; color: #333; font-weight: bold; padding: 8px 10px; line-height: 12px;\">H\u00e4ufig gestellte Fragen<\/span><\/div>\n<div style=\"padding: 10px 0;\">\n<p>\u00a0<span style=\"color: #09090b; font-family: Helvetica,Tahoma,Arial,serif; font-size: 14px; font-style: normal; font-weight: 400; background-color: #ffffff; display: inline !important; float: none;\">1. Wer sind wir?<\/span><br \/><span style=\"color: #09090b; font-family: Helvetica,Tahoma,Arial,serif; font-size: 14px; font-style: normal; font-weight: 400; background-color: #ffffff; display: inline !important; float: none;\">Wir haben unseren Sitz in Guangdong, China, und sind seit 2019 t\u00e4tig. Unsere Exportm\u00e4rkte sind Nordeuropa (35.001 TP3T), Osteuropa (20.001 TP3T) und Osteuropa.<\/span><br \/><span style=\"color: #09090b; font-family: Helvetica,Tahoma,Arial,serif; font-size: 14px; font-style: normal; font-weight: 400; background-color: #ffffff; display: inline !important; float: none;\">Asien (10,001 TP3T), Westeuropa (10,001 TP3T), S\u00fcdeuropa (8,001 TP3T), Naher Osten (2,001 TP3T), S\u00fcdostasien (1,001 TP3T). Unser B\u00fcro hat insgesamt etwa 51\u2013100 Mitarbeiter.<\/span><\/p>\n<p><span style=\"color: #09090b; font-family: Helvetica,Tahoma,Arial,serif; font-size: 14px; font-style: normal; font-weight: 400; background-color: #ffffff; display: inline !important; float: none;\">2. Wie k\u00f6nnen wir Qualit\u00e4t garantieren?<\/span><br \/><span style=\"color: #09090b; font-family: Helvetica,Tahoma,Arial,serif; font-size: 14px; font-style: normal; font-weight: 400; background-color: #ffffff; display: inline !important; float: none;\">Vor der Massenproduktion wird stets ein Vorserienmuster angefertigt;<\/span><br \/><span style=\"color: #09090b; font-family: Helvetica,Tahoma,Arial,serif; font-size: 14px; font-style: normal; font-weight: 400; background-color: #ffffff; display: inline !important; float: none;\">Vor dem Versand stets eine Endkontrolle durchf\u00fchren;<\/span><\/p>\n<p><span style=\"color: #09090b; font-family: Helvetica,Tahoma,Arial,serif; font-size: 14px; font-style: normal; font-weight: 400; background-color: #ffffff; display: inline !important; float: none;\">3. Was k\u00f6nnen Sie bei uns kaufen?<\/span><br \/><span style=\"color: #09090b; font-family: Helvetica,Tahoma,Arial,serif; font-size: 14px; font-style: normal; font-weight: 400; background-color: #ffffff; display: inline !important; float: none;\">Standheizung, Warmwasserbereiter, Autoklimaanlage, DC\/DC-Wandler, DC-Motorsteuerung<\/span><\/p>\n<p><span style=\"color: #09090b; font-family: Helvetica,Tahoma,Arial,serif; font-size: 14px; font-style: normal; font-weight: 400; background-color: #ffffff; display: inline !important; float: none;\">4. Warum sollten Sie bei uns und nicht bei anderen Anbietern kaufen?<\/span><br \/><span style=\"color: #09090b; font-family: Helvetica,Tahoma,Arial,serif; font-size: 14px; font-style: normal; font-weight: 400; background-color: #ffffff; display: inline !important; float: none;\">Zhongshan Yuanxi Electronic Technology Co., Ltd. ist ein f\u00fchrender Anbieter von hochwertigen Automobilzulieferteilen und vereint Forschung und Entwicklung, Produktion und Vertrieb. Seit fast 10 Jahren engagieren wir uns in diesem Bereich und legen Wert auf Qualit\u00e4t und Service.<\/span><\/p>\n<p><span style=\"color: #09090b; font-family: Helvetica,Tahoma,Arial,serif; font-size: 14px; font-style: normal; font-weight: 400; background-color: #ffffff; display: inline !important; float: none;\">5. Welche Dienstleistungen k\u00f6nnen wir anbieten?<\/span><br \/><span style=\"color: #09090b; font-family: Helvetica,Tahoma,Arial,serif; font-size: 14px; font-style: normal; font-weight: 400; background-color: #ffffff; display: inline !important; float: none;\">Akzeptierte Lieferbedingungen: FOB, CIF, EXW, DDP, DAF;<\/span><br \/><span style=\"color: #09090b; font-family: Helvetica,Tahoma,Arial,serif; font-size: 14px; font-style: normal; font-weight: 400; background-color: #ffffff; display: inline !important; float: none;\">Akzeptierte Zahlungsw\u00e4hrung: USD;<\/span><br \/><span style=\"color: #09090b; font-family: Helvetica,Tahoma,Arial,serif; font-size: 14px; font-style: normal; font-weight: 400; background-color: #ffffff; display: inline !important; float: none;\">Akzeptierte Zahlungsarten: T\/T, Kreditkarte, Western Union;<\/span><br \/><span style=\"color: #09090b; font-family: Helvetica,Tahoma,Arial,serif; font-size: 14px; font-style: normal; font-weight: 400; background-color: #ffffff; display: inline !important; float: none;\">Gesprochene Sprachen: Englisch, Chinesisch<\/span><\/p>\n<\/div>\n<\/div>","protected":false},"excerpt":{"rendered":"<p>FAQ \u00a01. who are we?We are based in Guangdong, China, start from 2019,sell to Northern Europe(35.00%),Eastern Europe(20.00%),EasternAsia(10.00%),Western Europe(10.00%),Southern Europe(8.00%),Mid East(2.00%),Southeast<\/p>","protected":false},"featured_media":9419,"template":"","meta":{"_eb_attr":"","_uag_custom_page_level_css":""},"product_brand":[],"product_cat":[17],"product_tag":[],"class_list":{"0":"post-9418","1":"product","2":"type-product","3":"status-publish","4":"has-post-thumbnail","6":"product_cat-camping-heater","8":"first","9":"instock","10":"shipping-taxable","11":"purchasable","12":"product-type-simple"},"uagb_featured_image_src":{"full":["https:\/\/www.warmconfort.cc\/wp-content\/uploads\/2025\/09\/H57edfead22aa402b8edda3d51ed6e4bc8.webp",399,392,false],"thumbnail":["https:\/\/www.warmconfort.cc\/wp-content\/uploads\/2025\/09\/H57edfead22aa402b8edda3d51ed6e4bc8-150x150.webp",150,150,true],"medium":["https:\/\/www.warmconfort.cc\/wp-content\/uploads\/2025\/09\/H57edfead22aa402b8edda3d51ed6e4bc8-300x295.webp",300,295,true],"medium_large":["https:\/\/www.warmconfort.cc\/wp-content\/uploads\/2025\/09\/H57edfead22aa402b8edda3d51ed6e4bc8.webp",399,392,false],"large":["https:\/\/www.warmconfort.cc\/wp-content\/uploads\/2025\/09\/H57edfead22aa402b8edda3d51ed6e4bc8.webp",399,392,false],"1536x1536":["https:\/\/www.warmconfort.cc\/wp-content\/uploads\/2025\/09\/H57edfead22aa402b8edda3d51ed6e4bc8.webp",399,392,false],"2048x2048":["https:\/\/www.warmconfort.cc\/wp-content\/uploads\/2025\/09\/H57edfead22aa402b8edda3d51ed6e4bc8.webp",399,392,false],"trp-custom-language-flag":["https:\/\/www.warmconfort.cc\/wp-content\/uploads\/2025\/09\/H57edfead22aa402b8edda3d51ed6e4bc8.webp",12,12,false],"visody_icon":["https:\/\/www.warmconfort.cc\/wp-content\/uploads\/2025\/09\/H57edfead22aa402b8edda3d51ed6e4bc8.webp",32,32,false],"woocommerce_thumbnail":["https:\/\/www.warmconfort.cc\/wp-content\/uploads\/2025\/09\/H57edfead22aa402b8edda3d51ed6e4bc8-300x300.webp",300,300,true],"woocommerce_single":["https:\/\/www.warmconfort.cc\/wp-content\/uploads\/2025\/09\/H57edfead22aa402b8edda3d51ed6e4bc8.webp",399,392,false],"woocommerce_gallery_thumbnail":["https:\/\/www.warmconfort.cc\/wp-content\/uploads\/2025\/09\/H57edfead22aa402b8edda3d51ed6e4bc8-150x147.webp",150,147,true]},"uagb_author_info":{"display_name":"warmconfort","author_link":"https:\/\/www.warmconfort.cc\/de\/author\/"},"uagb_comment_info":0,"uagb_excerpt":"FAQ \u00a01. who are we?We are based in Guangdong, China, start from 2019,sell to Northern Europe(35.00%),Eastern Europe(20.00%),EasternAsia(10.00%),Western Europe(10.00%),Southern Europe(8.00%),Mid East(2.00%),Southeast","_links":{"self":[{"href":"https:\/\/www.warmconfort.cc\/de\/wp-json\/wp\/v2\/product\/9418","targetHints":{"allow":["GET"]}}],"collection":[{"href":"https:\/\/www.warmconfort.cc\/de\/wp-json\/wp\/v2\/product"}],"about":[{"href":"https:\/\/www.warmconfort.cc\/de\/wp-json\/wp\/v2\/types\/product"}],"version-history":[{"count":0,"href":"https:\/\/www.warmconfort.cc\/de\/wp-json\/wp\/v2\/product\/9418\/revisions"}],"wp:featuredmedia":[{"embeddable":true,"href":"https:\/\/www.warmconfort.cc\/de\/wp-json\/wp\/v2\/media\/9419"}],"wp:attachment":[{"href":"https:\/\/www.warmconfort.cc\/de\/wp-json\/wp\/v2\/media?parent=9418"}],"wp:term":[{"taxonomy":"product_brand","embeddable":true,"href":"https:\/\/www.warmconfort.cc\/de\/wp-json\/wp\/v2\/product_brand?post=9418"},{"taxonomy":"product_cat","embeddable":true,"href":"https:\/\/www.warmconfort.cc\/de\/wp-json\/wp\/v2\/product_cat?post=9418"},{"taxonomy":"product_tag","embeddable":true,"href":"https:\/\/www.warmconfort.cc\/de\/wp-json\/wp\/v2\/product_tag?post=9418"}],"curies":[{"name":"wp","href":"https:\/\/api.w.org\/{rel}","templated":true}]}}