{"id":10449,"date":"2025-09-28T15:15:21","date_gmt":"2025-09-28T07:15:21","guid":{"rendered":"https:\/\/www.warmconfort.cc\/product\/2022-new-portable-12v-24v-2kw-tent-heater-for-outdoor\/"},"modified":"2025-10-21T15:19:21","modified_gmt":"2025-10-21T07:19:21","slug":"2022-new-portable-12v-24v-2kw-tent-heater-for-outdoor","status":"publish","type":"product","link":"https:\/\/www.warmconfort.cc\/de\/product\/2022-new-portable-12v-24v-2kw-tent-heater-for-outdoor\/","title":{"rendered":"Neuer tragbarer 12V\/24V 2kW Zeltheizer f\u00fcr den Au\u00dfenbereich (Modelljahr 2022)"},"content":{"rendered":"<div id=\"detail_decorate_root\" data-magic-global=\"%7B%22bizId%22%3A2208662566372%2C%22pageId%22%3A21119271083%2C%22siteId%22%3A5006890056%7D\">\n<style>#detail_decorate_root .magic-0{width:750px}#detail_decorate_root .magic-1{overflow:hidden;width:750px;height:2025px;margin-top:0;margin-bottom:0;margin-left:0;margin-right:0}#detail_decorate_root .magic-2{margin-top:0;margin-left:0;width:750px;height:2025px}#detail_decorate_root .magic-3{overflow:hidden;width:750px;height:421.822272215973px;margin-top:0;margin-bottom:0;margin-left:0;margin-right:0}#detail_decorate_root .magic-4{margin-top:0;margin-left:0;width:750px;height:421.822272215973px}#detail_decorate_root .magic-5{width:750px;border-collapse:collapse}#detail_decorate_root .magic-6{min-height:28px;padding:5px 10px;width:726px;min-height:28px;box-sizing:content-box}#detail_decorate_root .magic-7{text-align:center}#detail_decorate_root .magic-8{display:none}#detail_decorate_root .magic-9{min-height:28px;padding:5px 10px;width:116px;min-height:28px;box-sizing:content-box}#detail_decorate_root .magic-10{min-height:28px;padding:5px 10px;width:152px;min-height:28px;box-sizing:content-box}#detail_decorate_root .magic-11{min-height:28px;padding:5px 10px;width:161px;min-height:28px;box-sizing:content-box}#detail_decorate_root .magic-12{min-height:28px;padding:5px 10px;width:137px;min-height:28px;box-sizing:content-box}#detail_decorate_root .magic-13{min-height:28px;padding:5px 10px;width:78px;min-height:28px;box-sizing:content-box}#detail_decorate_root .magic-14{min-height:28px;padding:5px 10px;width:136px;min-height:28px;box-sizing:content-box}#detail_decorate_root .magic-15{margin-bottom:10px;line-height:0}#detail_decorate_root .magic-16{width:750px;height:1372.5px;overflow:hidden;margin-bottom:0}#detail_decorate_root .magic-17{position:relative;left:0;top:0;width:750px;height:1372.5px}#detail_decorate_root .magic-18{width:750px;height:2005.5px;overflow:hidden;margin-bottom:0}#detail_decorate_root .magic-19{position:relative;left:0;top:0;width:750px;height:2005.5px}#detail_decorate_root .magic-20{vertical-align:top}#detail_decorate_root .magic-21{padding:0;margin:0;color:#333;font-size:14px;padding-left:4px;font-weight:bold;white-space:pre-wrap}#detail_decorate_root .magic-22{font-size:26px}#detail_decorate_root .magic-23{vertical-align:top;display:block;padding-right:4px;box-sizing:border-box;padding-left:4px}#detail_decorate_root .magic-24{vertical-align:top;padding-bottom:4px;box-sizing:border-box;padding-top:4px}#detail_decorate_root .magic-25{padding:0;margin:0;white-space:pre-wrap;font-size:14px}<\/style>\n<div class=\"J_module\">\n<div class=\"icbu-pc-images magic-0\">\n<div>\n<div class=\"flex-layout-v\">\n<div class=\"flex-layout-h magic-0\">\n<div class=\"magic-1\"><img decoding=\"async\" class=\"magic-2\" src=\"https:\/\/sc04.alicdn.com\/kf\/H3f6048d93ebd4b2985b64e1607caf3e7l\/243889834\/H3f6048d93ebd4b2985b64e1607caf3e7l.jpeg\" data-src=\"\/\/sc04.alicdn.com\/kf\/H3f6048d93ebd4b2985b64e1607caf3e7l\/243889834\/H3f6048d93ebd4b2985b64e1607caf3e7l.jpeg\" \/><\/div>\n<\/div>\n<\/div>\n<\/div>\n<\/div>\n<\/div>\n<div class=\"J_module\">\n<div class=\"icbu-pc-images magic-0\">\n<div>\n<div class=\"flex-layout-v\">\n<div class=\"flex-layout-h magic-0\">\n<div class=\"magic-3\"><img decoding=\"async\" class=\"magic-4\" src=\"https:\/\/sc04.alicdn.com\/kf\/H48024ce5688b422eb1603afd5a40c753x\/243889834\/H48024ce5688b422eb1603afd5a40c753x.png\" data-src=\"\/\/sc04.alicdn.com\/kf\/H48024ce5688b422eb1603afd5a40c753x\/243889834\/H48024ce5688b422eb1603afd5a40c753x.png\" \/><\/div>\n<\/div>\n<\/div>\n<\/div>\n<\/div>\n<\/div>\n<div class=\"J_module\">\n<div class=\"icbu-pc-images magic-0\">\n<div>\n<div class=\"flex-layout-v\">\n<div class=\"flex-layout-h magic-0\">\n<div class=\"magic-3\"><img decoding=\"async\" class=\"magic-4\" src=\"https:\/\/sc04.alicdn.com\/kf\/H992af5cb0b6f439e90718e51de32ba84b\/243889834\/H992af5cb0b6f439e90718e51de32ba84b.png\" data-src=\"\/\/sc04.alicdn.com\/kf\/H992af5cb0b6f439e90718e51de32ba84b\/243889834\/H992af5cb0b6f439e90718e51de32ba84b.png\" \/><\/div>\n<\/div>\n<\/div>\n<\/div>\n<\/div>\n<\/div>\n<div class=\"J_module\">\n<div class=\"icbu-pc-images magic-0\">\n<div>\n<div class=\"flex-layout-v\">\n<div class=\"flex-layout-h magic-0\">\n<div class=\"magic-3\"><img decoding=\"async\" class=\"magic-4\" src=\"https:\/\/sc04.alicdn.com\/kf\/He9b8d567b1e64b9c817d8eba83afeec5q\/243889834\/He9b8d567b1e64b9c817d8eba83afeec5q.png\" data-src=\"\/\/sc04.alicdn.com\/kf\/He9b8d567b1e64b9c817d8eba83afeec5q\/243889834\/He9b8d567b1e64b9c817d8eba83afeec5q.png\" \/><\/div>\n<\/div>\n<\/div>\n<\/div>\n<\/div>\n<\/div>\n<div class=\"J_module\">\n<div class=\"ife-detail-decorate-table\">\n<table class=\"has-title hight-light-first-column all magic-5\">\n<tbody>\n<tr>\n<td colspan=\"5\" rowspan=\"1\">\n<div class=\"magic-6\">\n<div class=\"magic-7\" data-spm-anchor-id=\"0.0.0.i53.54eb4f05pAhTB2\"><b data-spm-anchor-id=\"a2700.pc-decorate.0.i16.4ac93333OFDjFX\">Pr\u00fcfliste 12V\/24V 2 kW 5 kW Standheizungen<\/b><\/div>\n<\/div>\n<\/td>\n<td class=\"magic-8\" rowspan=\"0\">\n<div class=\"magic-9\">Pr\u00fcfliste 12V\/24V 5KW Standheizungen<\/div>\n<\/td>\n<td class=\"magic-8\" rowspan=\"0\">\n<div class=\"magic-10\"><\/div>\n<\/td>\n<td class=\"magic-8\" rowspan=\"0\">\n<div class=\"magic-11\"><\/div>\n<\/td>\n<td class=\"magic-8\" rowspan=\"0\">\n<div class=\"magic-12\"><\/div>\n<\/td>\n<\/tr>\n<tr>\n<td colspan=\"1\" rowspan=\"1\">\n<div class=\"magic-13\">\n<div class=\"magic-7\" data-spm-anchor-id=\"0.0.0.i60.54eb4f05pAhTB2\"><b data-spm-anchor-id=\"0.0.0.i72.54eb4f05pAhTB2\">Gangposition<\/b><\/div>\n<\/div>\n<\/td>\n<td colspan=\"1\" rowspan=\"1\">\n<div class=\"magic-9\">\n<div class=\"magic-7\"><b data-spm-anchor-id=\"a2700.pc-decorate.0.i31.57003333y6tBjT\">LUFTDURCHSATZ (m\u00b3\/h)<\/b><\/div>\n<\/div>\n<\/td>\n<td colspan=\"1\" rowspan=\"1\">\n<div class=\"magic-10\">\n<div class=\"magic-7\"><b>Durchflusstemperatur wahr (\u2103)<\/b><\/div>\n<\/div>\n<\/td>\n<td colspan=\"1\" rowspan=\"1\">\n<div class=\"magic-11\">\n<div class=\"magic-7\"><b>Abgastemperatur (\u2103)<\/b><\/div>\n<\/div>\n<\/td>\n<td colspan=\"1\" rowspan=\"1\">\n<div class=\"magic-14\">\n<div class=\"magic-7\"><b>KRAFTSTOFFVERBRAUCH (l\/h)<\/b><\/div>\n<\/div>\n<\/td>\n<\/tr>\n<tr>\n<td colspan=\"1\" rowspan=\"1\">\n<div class=\"magic-13\">\n<div class=\"magic-7\" data-spm-anchor-id=\"0.0.0.i61.54eb4f05pAhTB2\">1<\/div>\n<\/div>\n<\/td>\n<td colspan=\"1\" rowspan=\"1\">\n<div class=\"magic-9\">\n<div class=\"magic-7\" data-spm-anchor-id=\"0.0.0.i57.54eb4f05pAhTB2\">85 m\u00b3\/h<\/div>\n<\/div>\n<\/td>\n<td colspan=\"1\" rowspan=\"1\">\n<div class=\"magic-10\">\n<div class=\"magic-7\">52\u2103<\/div>\n<\/div>\n<\/td>\n<td colspan=\"1\" rowspan=\"1\">\n<div class=\"magic-11\">\n<div class=\"magic-7\">216\u2103<\/div>\n<\/div>\n<\/td>\n<td colspan=\"1\" rowspan=\"1\">\n<div class=\"magic-14\">\n<div class=\"magic-7\">0,17 l\/h<\/div>\n<\/div>\n<\/td>\n<\/tr>\n<tr>\n<td colspan=\"1\" rowspan=\"1\">\n<div class=\"magic-13\">\n<div class=\"magic-7\" data-spm-anchor-id=\"0.0.0.i65.54eb4f05pAhTB2\">2<\/div>\n<\/div>\n<\/td>\n<td colspan=\"1\" rowspan=\"1\">\n<div class=\"magic-9\">\n<div class=\"magic-7\" data-spm-anchor-id=\"0.0.0.i59.54eb4f05pAhTB2\">88 m\u00b3\/h<\/div>\n<\/div>\n<\/td>\n<td colspan=\"1\" rowspan=\"1\">\n<div class=\"magic-10\">\n<div class=\"magic-7\">62\u2103<\/div>\n<\/div>\n<\/td>\n<td colspan=\"1\" rowspan=\"1\">\n<div class=\"magic-11\">\n<div class=\"magic-7\" data-spm-anchor-id=\"0.0.0.i66.54eb4f05pAhTB2\">232\u2103<\/div>\n<\/div>\n<\/td>\n<td colspan=\"1\" rowspan=\"1\">\n<div class=\"magic-14\">\n<div class=\"magic-7\">0,24 l\/h<\/div>\n<\/div>\n<\/td>\n<\/tr>\n<tr>\n<td colspan=\"1\" rowspan=\"1\">\n<div class=\"magic-13\">\n<div class=\"magic-7\">3<\/div>\n<\/div>\n<\/td>\n<td colspan=\"1\" rowspan=\"1\">\n<div class=\"magic-9\">\n<div class=\"magic-7\">93 m\u00b3\/h<\/div>\n<\/div>\n<\/td>\n<td colspan=\"1\" rowspan=\"1\">\n<div class=\"magic-10\">\n<div class=\"magic-7\" data-spm-anchor-id=\"0.0.0.i63.54eb4f05pAhTB2\">73\u2103<\/div>\n<\/div>\n<\/td>\n<td colspan=\"1\" rowspan=\"1\">\n<div class=\"magic-11\">\n<div class=\"magic-7\" data-spm-anchor-id=\"0.0.0.i58.54eb4f05pAhTB2\">263\u2103<\/div>\n<\/div>\n<\/td>\n<td colspan=\"1\" rowspan=\"1\">\n<div class=\"magic-14\">\n<div class=\"magic-7\">0,28 l\/h<\/div>\n<\/div>\n<\/td>\n<\/tr>\n<tr>\n<td colspan=\"1\" rowspan=\"1\">\n<div class=\"magic-13\">\n<div class=\"magic-7\" data-spm-anchor-id=\"a2700.pc-decorate.0.i32.57003333y6tBjT\">4<\/div>\n<\/div>\n<\/td>\n<td colspan=\"1\" rowspan=\"1\">\n<div class=\"magic-9\">\n<div class=\"magic-7\" data-spm-anchor-id=\"0.0.0.i68.54eb4f05pAhTB2\">99 m\u00b3\/h<\/div>\n<\/div>\n<\/td>\n<td colspan=\"1\" rowspan=\"1\">\n<div class=\"magic-10\">\n<div class=\"magic-7\">89\u2103<\/div>\n<\/div>\n<\/td>\n<td colspan=\"1\" rowspan=\"1\">\n<div class=\"magic-11\">\n<div class=\"magic-7\">279\u2103<\/div>\n<\/div>\n<\/td>\n<td colspan=\"1\" rowspan=\"1\">\n<div class=\"magic-14\">\n<div class=\"magic-7\">0,31 l\/h<\/div>\n<\/div>\n<\/td>\n<\/tr>\n<tr>\n<td colspan=\"1\" rowspan=\"1\">\n<div class=\"magic-13\">\n<div class=\"magic-7\">5<\/div>\n<\/div>\n<\/td>\n<td colspan=\"1\" rowspan=\"1\">\n<div class=\"magic-9\">\n<div class=\"magic-7\" data-spm-anchor-id=\"0.0.0.i62.54eb4f05pAhTB2\">105 m\u00b3\/h<\/div>\n<\/div>\n<\/td>\n<td colspan=\"1\" rowspan=\"1\">\n<div class=\"magic-10\">\n<div class=\"magic-7\">110\u2103<\/div>\n<\/div>\n<\/td>\n<td colspan=\"1\" rowspan=\"1\">\n<div class=\"magic-11\">\n<div class=\"magic-7\">300\u2103<\/div>\n<\/div>\n<\/td>\n<td colspan=\"1\" rowspan=\"1\">\n<div class=\"magic-14\">\n<div class=\"magic-7\">0,37 l\/h<\/div>\n<\/div>\n<\/td>\n<\/tr>\n<\/tbody>\n<\/table>\n<\/div>\n<\/div>\n<div class=\"J_module\">\n<div class=\"icbu-pc-detailManyImage magic-15\">\n<div class=\"magic-16\"><img decoding=\"async\" class=\"magic-17\" src=\"https:\/\/sc04.alicdn.com\/kf\/H7ab7cc3946f84010a89409983b385ad8G\/243889834\/H7ab7cc3946f84010a89409983b385ad8G.png\" data-src=\"\/\/sc04.alicdn.com\/kf\/H7ab7cc3946f84010a89409983b385ad8G\/243889834\/H7ab7cc3946f84010a89409983b385ad8G.png\" \/><\/div>\n<div class=\"magic-18\"><img decoding=\"async\" class=\"magic-19\" src=\"https:\/\/sc04.alicdn.com\/kf\/H3bcbf3450f2c41d1a3d9d865b7674ee3P\/243889834\/H3bcbf3450f2c41d1a3d9d865b7674ee3P.png\" data-src=\"\/\/sc04.alicdn.com\/kf\/H3bcbf3450f2c41d1a3d9d865b7674ee3P\/243889834\/H3bcbf3450f2c41d1a3d9d865b7674ee3P.png\" \/><\/div>\n<\/div>\n<\/div>\n<div class=\"J_module\">\n<div class=\"detail-decorate-json-renderer-container\">\n<div class=\"magic-20\">\n<h3 class=\"magic-21\"><span class=\"magic-22\">H\u00e4ufig gestellte Fragen<\/span><\/h3>\n<div class=\"magic-23\">\n<div class=\"magic-24\">\n<div class=\"magic-25\">1. Wer sind wir?<br \/>\nWir haben unseren Sitz in Guangdong, China, und sind seit 2019 t\u00e4tig. Unsere Exportm\u00e4rkte sind Nordeuropa (35.001 TP3T), Osteuropa (20.001 TP3T) und Osteuropa.<br \/>\nAsien (10,001 TP3T), Westeuropa (10,001 TP3T), S\u00fcdeuropa (8,001 TP3T), Naher Osten (2,001 TP3T), S\u00fcdostasien (1,001 TP3T). Unser B\u00fcro hat insgesamt ca. 51\u2013100 Mitarbeiter. 2. Wie k\u00f6nnen wir Qualit\u00e4t garantieren?<br \/>\nVor der Massenproduktion wird stets ein Vorserienmuster angefertigt;<br \/>\nVor dem Versand erfolgt stets eine Endkontrolle; 3. Was k\u00f6nnen Sie bei uns kaufen?<br \/>\nStandheizung, Warmwasserbereiter, Autoklimaanlage, DC\/DC-Wandler, DC-Motorsteuerung. 4. Warum sollten Sie bei uns und nicht bei anderen Anbietern kaufen?<br \/>\nZhongshan Yuanxi Electronic Technology Co., Ltd. ist ein f\u00fchrender Anbieter von hochwertigen Automobilzulieferteilen und vereint Forschung und Entwicklung, Produktion und Vertrieb. Seit fast 10 Jahren engagieren wir uns in diesem Bereich und legen Wert auf Qualit\u00e4t und Service.<\/p>\n<p>5. Welche Dienstleistungen k\u00f6nnen wir anbieten?<br \/>\nAkzeptierte Lieferbedingungen: FOB, CIF, EXW, DDP, DAF;<br \/>\nAkzeptierte Zahlungsw\u00e4hrung: USD;<br \/>\nAkzeptierte Zahlungsarten: T\/T, Kreditkarte, Western Union;<br \/>\nGesprochene Sprachen: Englisch, Chinesisch<\/p>\n<\/div>\n<\/div>\n<\/div>\n<\/div>\n<\/div>\n<\/div>\n<\/div>","protected":false},"excerpt":{"rendered":"<p>TEST LIST 12V\/24V 2 KW 5KW Parking Heaters TEST LIST 12V\/24V 5KW Parking Heaters GEAR POSITION AIR FLOW\uff08m\u00b3\/h\uff09 FLOW TEMPERATRUE\uff08\u2103\uff09<\/p>","protected":false},"featured_media":10450,"template":"","meta":{"_eb_attr":"","_uag_custom_page_level_css":""},"product_brand":[],"product_cat":[22],"product_tag":[],"class_list":{"0":"post-10449","1":"product","2":"type-product","3":"status-publish","4":"has-post-thumbnail","6":"product_cat-diesel-parking-heater","8":"first","9":"instock","10":"shipping-taxable","11":"purchasable","12":"product-type-simple"},"uagb_featured_image_src":{"full":["https:\/\/www.warmconfort.cc\/wp-content\/uploads\/2025\/09\/H3f794632f1f9496584c60763b2a4582aq.webp",1500,1500,false],"thumbnail":["https:\/\/www.warmconfort.cc\/wp-content\/uploads\/2025\/09\/H3f794632f1f9496584c60763b2a4582aq-150x150.webp",150,150,true],"medium":["https:\/\/www.warmconfort.cc\/wp-content\/uploads\/2025\/09\/H3f794632f1f9496584c60763b2a4582aq-300x300.webp",300,300,true],"medium_large":["https:\/\/www.warmconfort.cc\/wp-content\/uploads\/2025\/09\/H3f794632f1f9496584c60763b2a4582aq-768x768.webp",768,768,true],"large":["https:\/\/www.warmconfort.cc\/wp-content\/uploads\/2025\/09\/H3f794632f1f9496584c60763b2a4582aq-1024x1024.webp",1024,1024,true],"1536x1536":["https:\/\/www.warmconfort.cc\/wp-content\/uploads\/2025\/09\/H3f794632f1f9496584c60763b2a4582aq.webp",1500,1500,false],"2048x2048":["https:\/\/www.warmconfort.cc\/wp-content\/uploads\/2025\/09\/H3f794632f1f9496584c60763b2a4582aq.webp",1500,1500,false],"trp-custom-language-flag":["https:\/\/www.warmconfort.cc\/wp-content\/uploads\/2025\/09\/H3f794632f1f9496584c60763b2a4582aq.webp",12,12,false],"visody_icon":["https:\/\/www.warmconfort.cc\/wp-content\/uploads\/2025\/09\/H3f794632f1f9496584c60763b2a4582aq.webp",32,32,false],"woocommerce_thumbnail":["https:\/\/www.warmconfort.cc\/wp-content\/uploads\/2025\/09\/H3f794632f1f9496584c60763b2a4582aq-300x300.webp",300,300,true],"woocommerce_single":["https:\/\/www.warmconfort.cc\/wp-content\/uploads\/2025\/09\/H3f794632f1f9496584c60763b2a4582aq-600x600.webp",600,600,true],"woocommerce_gallery_thumbnail":["https:\/\/www.warmconfort.cc\/wp-content\/uploads\/2025\/09\/H3f794632f1f9496584c60763b2a4582aq-400x400.webp",400,400,true]},"uagb_author_info":{"display_name":"warmconfort","author_link":"https:\/\/www.warmconfort.cc\/de\/author\/"},"uagb_comment_info":0,"uagb_excerpt":"TEST LIST 12V\/24V 2 KW 5KW Parking Heaters TEST LIST 12V\/24V 5KW Parking Heaters GEAR POSITION AIR FLOW\uff08m\u00b3\/h\uff09 FLOW TEMPERATRUE\uff08\u2103\uff09","_links":{"self":[{"href":"https:\/\/www.warmconfort.cc\/de\/wp-json\/wp\/v2\/product\/10449","targetHints":{"allow":["GET"]}}],"collection":[{"href":"https:\/\/www.warmconfort.cc\/de\/wp-json\/wp\/v2\/product"}],"about":[{"href":"https:\/\/www.warmconfort.cc\/de\/wp-json\/wp\/v2\/types\/product"}],"version-history":[{"count":6,"href":"https:\/\/www.warmconfort.cc\/de\/wp-json\/wp\/v2\/product\/10449\/revisions"}],"predecessor-version":[{"id":10810,"href":"https:\/\/www.warmconfort.cc\/de\/wp-json\/wp\/v2\/product\/10449\/revisions\/10810"}],"wp:featuredmedia":[{"embeddable":true,"href":"https:\/\/www.warmconfort.cc\/de\/wp-json\/wp\/v2\/media\/10450"}],"wp:attachment":[{"href":"https:\/\/www.warmconfort.cc\/de\/wp-json\/wp\/v2\/media?parent=10449"}],"wp:term":[{"taxonomy":"product_brand","embeddable":true,"href":"https:\/\/www.warmconfort.cc\/de\/wp-json\/wp\/v2\/product_brand?post=10449"},{"taxonomy":"product_cat","embeddable":true,"href":"https:\/\/www.warmconfort.cc\/de\/wp-json\/wp\/v2\/product_cat?post=10449"},{"taxonomy":"product_tag","embeddable":true,"href":"https:\/\/www.warmconfort.cc\/de\/wp-json\/wp\/v2\/product_tag?post=10449"}],"curies":[{"name":"wp","href":"https:\/\/api.w.org\/{rel}","templated":true}]}}